{"id":8465,"date":"2024-11-03T21:43:23","date_gmt":"2024-11-04T02:43:23","guid":{"rendered":"https:\/\/shopiwebs.com\/?page_id=8465"},"modified":"2024-11-03T21:54:12","modified_gmt":"2024-11-04T02:54:12","slug":"privacy-policy","status":"publish","type":"page","link":"https:\/\/shopiwebs.com\/fr\/privacy-policy\/","title":{"rendered":"Privacy Policy"},"content":{"rendered":"\t\t<div data-elementor-type=\"wp-page\" data-elementor-id=\"8465\" class=\"elementor elementor-8465\" data-elementor-post-type=\"page\">\n\t\t\t\t<div data-particle_enable=\"false\" data-particle-mobile-disabled=\"false\" class=\"elementor-element elementor-element-342b5ab e-flex e-con-boxed e-con e-parent\" data-id=\"342b5ab\" data-element_type=\"container\">\n\t\t\t\t\t<div class=\"e-con-inner\">\n\t\t\t\t\t<\/div>\n\t\t\t\t<\/div>\n\t\t<div data-particle_enable=\"false\" data-particle-mobile-disabled=\"false\" class=\"elementor-element elementor-element-474ea3 e-flex e-con-boxed e-con e-parent\" data-id=\"474ea3\" data-element_type=\"container\">\n\t\t\t\t\t<div class=\"e-con-inner\">\n\t\t<div data-particle_enable=\"false\" data-particle-mobile-disabled=\"false\" class=\"elementor-element elementor-element-4e31f318 e-flex e-con-boxed e-con e-child\" data-id=\"4e31f318\" data-element_type=\"container\">\n\t\t\t\t\t<div class=\"e-con-inner\">\n\t\t<div data-particle_enable=\"false\" data-particle-mobile-disabled=\"false\" class=\"elementor-element elementor-element-5b333ad0 e-flex e-con-boxed e-con e-child\" data-id=\"5b333ad0\" data-element_type=\"container\">\n\t\t\t\t\t<div class=\"e-con-inner\">\n\t\t\t\t<div class=\"elementor-element elementor-element-724d0d27 elementor-absolute rotateme de_scroll_animation_no elementor-widget elementor-widget-image\" data-id=\"724d0d27\" data-element_type=\"widget\" data-settings=\"{&quot;_position&quot;:&quot;absolute&quot;}\" data-widget_type=\"image.default\">\n\t\t\t\t<div class=\"elementor-widget-container\">\n\t\t\t\t\t\t\t\t\t\t\t\t\t<img decoding=\"async\" width=\"19\" height=\"19\" src=\"https:\/\/shopiwebs.com\/wp-content\/uploads\/2023\/12\/slider_shape001-Jim-Fahad-Digital-1.png\" class=\"attachment-large size-large wp-image-8\" alt=\"\" \/>\t\t\t\t\t\t\t\t\t\t\t\t\t<\/div>\n\t\t\t\t<\/div>\n\t\t\t\t<div class=\"elementor-element elementor-element-26275805 elementor-absolute animationFramesOne de_scroll_animation_no elementor-widget elementor-widget-image\" data-id=\"26275805\" data-element_type=\"widget\" data-settings=\"{&quot;_position&quot;:&quot;absolute&quot;}\" data-widget_type=\"image.default\">\n\t\t\t\t<div class=\"elementor-widget-container\">\n\t\t\t\t\t\t\t\t\t\t\t\t\t<img decoding=\"async\" width=\"23\" height=\"23\" src=\"https:\/\/shopiwebs.com\/wp-content\/uploads\/2023\/12\/slider_shape003-Jim-Fahad-Digital-1.png\" class=\"attachment-large size-large wp-image-21\" alt=\"\" \/>\t\t\t\t\t\t\t\t\t\t\t\t\t<\/div>\n\t\t\t\t<\/div>\n\t\t\t\t<div class=\"elementor-element elementor-element-5845fda1 elementor-absolute contactSwimmer de_scroll_animation_no elementor-widget elementor-widget-image\" data-id=\"5845fda1\" data-element_type=\"widget\" data-settings=\"{&quot;_position&quot;:&quot;absolute&quot;}\" data-widget_type=\"image.default\">\n\t\t\t\t<div class=\"elementor-widget-container\">\n\t\t\t\t\t\t\t\t\t\t\t\t\t<img decoding=\"async\" width=\"30\" height=\"30\" src=\"https:\/\/shopiwebs.com\/wp-content\/uploads\/2023\/12\/slider_shape004-Jim-Fahad-Digital-1.png\" class=\"attachment-large size-large wp-image-22\" alt=\"\" \/>\t\t\t\t\t\t\t\t\t\t\t\t\t<\/div>\n\t\t\t\t<\/div>\n\t\t\t\t\t<\/div>\n\t\t\t\t<\/div>\n\t\t\t\t\t<\/div>\n\t\t\t\t<\/div>\n\t\t\t\t\t<\/div>\n\t\t\t\t<\/div>\n\t\t<div data-particle_enable=\"false\" data-particle-mobile-disabled=\"false\" class=\"elementor-element elementor-element-277aed68 e-con-full e-flex e-con e-parent\" data-id=\"277aed68\" data-element_type=\"container\">\n\t\t<div data-particle_enable=\"false\" data-particle-mobile-disabled=\"false\" class=\"elementor-element elementor-element-77f994c9 e-con-full e-flex e-con e-child\" data-id=\"77f994c9\" data-element_type=\"container\">\n\t\t<div data-particle_enable=\"false\" data-particle-mobile-disabled=\"false\" class=\"elementor-element elementor-element-26219577 e-flex e-con-boxed e-con e-child\" data-id=\"26219577\" data-element_type=\"container\" data-settings=\"{&quot;background_background&quot;:&quot;classic&quot;}\">\n\t\t\t\t\t<div class=\"e-con-inner\">\n\t\t\t\t<div class=\"elementor-element elementor-element-14b4ab53 de_scroll_animation_no elementor-widget elementor-widget-heading\" data-id=\"14b4ab53\" data-element_type=\"widget\" data-widget_type=\"heading.default\">\n\t\t\t\t<div class=\"elementor-widget-container\">\n\t\t\t<h5 class=\"elementor-heading-title elementor-size-default\">POLITIQUE DE CONFIDENTIALIT\u00c9<\/h5>\t\t<\/div>\n\t\t\t\t<\/div>\n\t\t\t\t\t<\/div>\n\t\t\t\t<\/div>\n\t\t\t\t<\/div>\n\t\t\t\t<\/div>\n\t\t<div data-particle_enable=\"false\" data-particle-mobile-disabled=\"false\" class=\"elementor-element elementor-element-568ee7d3 e-con-full e-flex e-con e-parent\" data-id=\"568ee7d3\" data-element_type=\"container\">\n\t\t<div data-particle_enable=\"false\" data-particle-mobile-disabled=\"false\" class=\"elementor-element elementor-element-3c8e379d e-flex e-con-boxed e-con e-child\" data-id=\"3c8e379d\" data-element_type=\"container\" data-settings=\"{&quot;background_background&quot;:&quot;classic&quot;}\">\n\t\t\t\t\t<div class=\"e-con-inner\">\n\t\t<div data-particle_enable=\"false\" data-particle-mobile-disabled=\"false\" class=\"elementor-element elementor-element-4aacf535 e-con-full e-flex e-con e-child\" data-id=\"4aacf535\" data-element_type=\"container\">\n\t\t<div data-particle_enable=\"false\" data-particle-mobile-disabled=\"false\" class=\"elementor-element elementor-element-57e95310 e-flex e-con-boxed e-con e-child\" data-id=\"57e95310\" data-element_type=\"container\">\n\t\t\t\t\t<div class=\"e-con-inner\">\n\t\t\t\t<div class=\"elementor-element elementor-element-7e566025 de_scroll_animation_no elementor-widget elementor-widget-text-editor\" data-id=\"7e566025\" data-element_type=\"widget\" data-widget_type=\"text-editor.default\">\n\t\t\t\t<div class=\"elementor-widget-container\">\n\t\t\t\t\t\t\t<h5><span style=\"color: rgb(255, 255, 255); font-weight: normal;\">Chez Shopiwebs, nous respectons la vie priv\u00e9e de nos clients, partenaires et visiteurs. La pr\u00e9sente Politique de Confidentialit\u00e9 explique comment nous recueillons, utilisons, prot\u00e9geons et divulguons vos renseignements personnels lorsque vous interagissez avec nous, conform\u00e9ment aux lois en vigueur au Qu\u00e9bec et au Canada.<\/span><\/h5>\n<h3><span style=\"color: #ffffff;\">1. Collecte des renseignements personnels<\/span><\/h3>\n<p><span style=\"color: #ffffff;\">Nous recueillons vos renseignements personnels lorsque vous interagissez avec notre site web ou nos services. Les types de renseignements personnels que nous pouvons recueillir incluent, sans s\u2019y limiter :<\/span><\/p>\n<ul>\n<li><span style=\"color: #ffffff;\">Nom et pr\u00e9nom<\/span><\/li>\n<li><span style=\"color: #ffffff;\">Coordonn\u00e9es (adresse, courriel, num\u00e9ro de t\u00e9l\u00e9phone)<\/span><\/li>\n<li><span style=\"color: #ffffff;\">Informations sur votre entreprise<\/span><\/li>\n<li><span style=\"color: #ffffff;\">Informations relatives \u00e0 vos projets num\u00e9riques<\/span><\/li>\n<li><span style=\"color: #ffffff;\">Donn\u00e9es de navigation (adresse IP, type de navigateur, historique de navigation)<\/span><\/li>\n<\/ul>\n<p><span style=\"color: #ffffff;\">Ces informations sont collect\u00e9es via des formulaires de contact, des demandes de devis, des abonnements \u00e0 des infolettres ou lors de toute autre interaction directe avec nos services en ligne.<\/span><\/p>\n<h3><span style=\"color: #ffffff;\">2. Utilisation des renseignements personnels<\/span><\/h3>\n<p><span style=\"color: #ffffff;\">Les renseignements personnels que nous recueillons peuvent \u00eatre utilis\u00e9s pour :<\/span><\/p>\n<ul>\n<li><span style=\"color: #ffffff;\">R\u00e9pondre \u00e0 vos demandes et vous fournir des services personnalis\u00e9s<\/span><\/li>\n<li><span style=\"color: #ffffff;\">Am\u00e9liorer nos services et offres<\/span><\/li>\n<li><span style=\"color: #ffffff;\">Envoyer des communications marketing (avec votre consentement)<\/span><\/li>\n<li><span style=\"color: #ffffff;\">Analyser les comportements des utilisateurs pour am\u00e9liorer notre site web<\/span><\/li>\n<li><span style=\"color: #ffffff;\">Respecter nos obligations l\u00e9gales<\/span><\/li>\n<\/ul>\n<h3><span style=\"color: #ffffff;\">3. Partage des renseignements personnels<\/span><\/h3>\n<p><span style=\"color: #ffffff;\">Nous ne partageons pas vos renseignements personnels avec des tiers, sauf dans les cas suivants :<\/span><\/p>\n<ul>\n<li><span style=\"color: #ffffff;\">Avec votre consentement explicite<\/span><\/li>\n<li><span style=\"color: #ffffff;\">Lorsque cela est n\u00e9cessaire pour vous fournir les services demand\u00e9s (par exemple, avec des partenaires technologiques)<\/span><\/li>\n<li><span style=\"color: #ffffff;\">Lorsque la loi l\u2019exige, notamment dans le cadre d\u2019une enqu\u00eate l\u00e9gale ou d\u2019une proc\u00e9dure judiciaire<\/span><\/li>\n<\/ul>\n<h3><span style=\"color: #ffffff;\">4. Protection des renseignements personnels<\/span><\/h3>\n<p><span style=\"color: #ffffff;\">Nous prenons des mesures de s\u00e9curit\u00e9 raisonnables pour prot\u00e9ger vos renseignements personnels contre l\u2019acc\u00e8s non autoris\u00e9, la divulgation, la perte, l\u2019alt\u00e9ration ou la destruction. Nous utilisons des m\u00e9thodes de chiffrement, des pare-feu et d\u2019autres technologies pour garantir la s\u00e9curit\u00e9 de vos donn\u00e9es.<\/span><\/p>\n<p><span style=\"color: #ffffff;\">Cependant, malgr\u00e9 nos efforts, aucune transmission de donn\u00e9es sur Internet ou stockage \u00e9lectronique n\u2019est totalement s\u00e9curis\u00e9. Nous ne pouvons garantir une s\u00e9curit\u00e9 absolue des informations.<\/span><\/p>\n<h3><span style=\"color: #ffffff;\">5. Cookies et technologies similaires<\/span><\/h3>\n<p><span style=\"color: #ffffff;\">Notre site utilise des cookies et d\u2019autres technologies de suivi pour collecter des informations sur votre utilisation de notre site. Ces informations nous aident \u00e0 am\u00e9liorer votre exp\u00e9rience en ligne. Vous pouvez configurer votre navigateur pour refuser les cookies, mais cela pourrait affecter certaines fonctionnalit\u00e9s du site.<\/span><\/p>\n<h3><span style=\"color: #ffffff;\">6. Vos droits<\/span><\/h3>\n<p><span style=\"color: #ffffff;\">Vous avez le droit de :<\/span><\/p>\n<ul>\n<li><span style=\"color: #ffffff;\">Acc\u00e9der \u00e0 vos renseignements personnels que nous d\u00e9tenons<\/span><\/li>\n<li><span style=\"color: #ffffff;\">Demander la correction de toute information inexacte<\/span><\/li>\n<li><span style=\"color: #ffffff;\">Retirer votre consentement \u00e0 l\u2019utilisation de vos renseignements personnels \u00e0 des fins de marketing<\/span><\/li>\n<li><span style=\"color: #ffffff;\">Demander la suppression de vos renseignements personnels, sous r\u00e9serve de certaines exceptions l\u00e9gales<\/span><\/li>\n<\/ul>\n<p><span style=\"color: #ffffff;\">Pour exercer ces droits, veuillez nous contacter \u00e0 l\u2019adresse suivante :<\/span><br><span style=\"color: #ffffff;\"><strong>Courriel<\/strong>&nbsp;:&nbsp;<a style=\"color: #ffffff;\" rel=\"noopener\">info@shopiwebs.com<\/a><\/span><br><span style=\"color: #ffffff;\"><strong>Adresse postale<\/strong>&nbsp;: 43 Avenue Cactus, Morcellement Rey, Pointe aux sables, Ile Maurice<\/span><\/p>\n<h3><span style=\"color: #ffffff;\">7. Modifications \u00e0 la Politique de Confidentialit\u00e9<\/span><\/h3>\n<p><span style=\"color: #ffffff;\">Shopiwebs se r\u00e9serve le droit de modifier cette Politique de Confidentialit\u00e9 \u00e0 tout moment. Toute modification sera affich\u00e9e sur cette page avec la date de mise \u00e0 jour. Nous vous encourageons \u00e0 consulter r\u00e9guli\u00e8rement cette politique pour rester inform\u00e9 de nos pratiques.<\/span><\/p>\n<p><span style=\"color: #ffffff;\"><strong>Date d\u2019entr\u00e9e en vigueur<\/strong>&nbsp;: 2023-12-15<\/span><\/p>\n<h3><span style=\"color: #ffffff;\">8. Contact<\/span><\/h3>\n<p><span style=\"color: #ffffff;\">Si vous avez des questions concernant cette Politique de Confidentialit\u00e9 ou sur la mani\u00e8re dont nous g\u00e9rons vos renseignements personnels, veuillez nous contacter \u00e0 :<\/span><br><span style=\"color: #ffffff;\"><strong>Courriel<\/strong>&nbsp;:&nbsp;<a style=\"color: #ffffff;\" rel=\"noopener\">info@shopiwebs.com<\/a><\/span><br><span style=\"color: #ffffff;\"><strong>Adresse postale<\/strong>&nbsp;:&nbsp;43 Avenue Cactus, Morcellement Rey, Pointe aux sables, Ile Maurice<\/span><\/p>\t\t\t\t\t\t<\/div>\n\t\t\t\t<\/div>\n\t\t\t\t\t<\/div>\n\t\t\t\t<\/div>\n\t\t\t\t<\/div>\n\t\t\t\t\t<\/div>\n\t\t\t\t<\/div>\n\t\t\t\t<\/div>\n\t\t<div data-particle_enable=\"false\" data-particle-mobile-disabled=\"false\" class=\"elementor-element elementor-element-247bfba8 e-flex e-con-boxed e-con e-parent\" data-id=\"247bfba8\" data-element_type=\"container\">\n\t\t\t\t\t<div class=\"e-con-inner\">\n\t\t<div data-particle_enable=\"false\" data-particle-mobile-disabled=\"false\" class=\"elementor-element elementor-element-aeb3bd5 e-flex e-con-boxed e-con e-child\" data-id=\"aeb3bd5\" data-element_type=\"container\">\n\t\t\t\t\t<div class=\"e-con-inner\">\n\t\t\t\t<div class=\"elementor-element elementor-element-131919b6 de_scroll_animation_no elementor-widget elementor-widget-eael-creative-button\" data-id=\"131919b6\" data-element_type=\"widget\" data-widget_type=\"eael-creative-button.default\">\n\t\t\t\t<div class=\"elementor-widget-container\">\n\t\t\t        <div class=\"eael-creative-button-wrapper\">\n\n            <a class=\"eael-creative-button eael-creative-button--default\" href=\"https:\/\/shopiwebs.com\/contact\/\" data-text=\"Go!\">\n\n\t    \n                <div class=\"creative-button-inner\">\n\n                                            <span class=\"eael-creative-button-icon-left\"><i aria-hidden=\"true\" class=\"icon icon-contact\"><\/i><\/span>                    \n                    <span class=\"cretive-button-text\">CONTACTEZ-NOUS<\/span>\n\n                                    <\/div>\n\t                        <\/a>\n        <\/div>\n\t\t<\/div>\n\t\t\t\t<\/div>\n\t\t\t\t\t<\/div>\n\t\t\t\t<\/div>\n\t\t\t\t\t<\/div>\n\t\t\t\t<\/div>\n\t\t\t\t<\/div>\n\t\t","protected":false},"excerpt":{"rendered":"<p>POLITIQUE DE CONFIDENTIALIT\u00c9 Chez Shopiwebs, nous respectons la vie priv\u00e9e de nos clients, partenaires et visiteurs. La pr\u00e9sente Politique de Confidentialit\u00e9 explique comment nous recueillons, utilisons, prot\u00e9geons et divulguons vos renseignements personnels lorsque vous interagissez avec nous, conform\u00e9ment aux lois en vigueur au Qu\u00e9bec et au Canada. 1. Collecte des renseignements personnels Nous recueillons vos [&hellip;]<\/p>\n","protected":false},"author":1,"featured_media":0,"parent":0,"menu_order":0,"comment_status":"closed","ping_status":"closed","template":"elementor_header_footer","meta":{"_eb_attr":"","om_disable_all_campaigns":false,"footnotes":""},"class_list":["post-8465","page","type-page","status-publish","hentry"],"blocksy_meta":[],"yoast_head":"<!-- This site is optimized with the Yoast SEO Premium plugin v23.9 (Yoast SEO v23.9) - https:\/\/yoast.com\/wordpress\/plugins\/seo\/ -->\n<title>Privacy Policy - Shopiwebs<\/title>\n<meta name=\"robots\" content=\"index, follow, max-snippet:-1, max-image-preview:large, max-video-preview:-1\" \/>\n<link rel=\"canonical\" href=\"https:\/\/shopiwebs.com\/fr\/privacy-policy\/\" \/>\n<meta property=\"og:locale\" content=\"fr_CA\" \/>\n<meta property=\"og:type\" content=\"article\" \/>\n<meta property=\"og:title\" content=\"Privacy Policy\" \/>\n<meta property=\"og:description\" content=\"POLITIQUE DE CONFIDENTIALIT\u00c9 Chez Shopiwebs, nous respectons la vie priv\u00e9e de nos clients, partenaires et visiteurs. La pr\u00e9sente Politique de Confidentialit\u00e9 explique comment nous recueillons, utilisons, prot\u00e9geons et divulguons vos renseignements personnels lorsque vous interagissez avec nous, conform\u00e9ment aux lois en vigueur au Qu\u00e9bec et au Canada. 1. Collecte des renseignements personnels Nous recueillons vos [&hellip;]\" \/>\n<meta property=\"og:url\" content=\"https:\/\/shopiwebs.com\/fr\/privacy-policy\/\" \/>\n<meta property=\"og:site_name\" content=\"Shopiwebs\" \/>\n<meta property=\"article:publisher\" content=\"https:\/\/www.facebook.com\/shopiwebs\" \/>\n<meta property=\"article:modified_time\" content=\"2024-11-04T02:54:12+00:00\" \/>\n<meta property=\"og:image\" content=\"https:\/\/shopiwebs.com\/wp-content\/uploads\/2023\/12\/slider_shape001-Jim-Fahad-Digital-1.png\" \/>\n\t<meta property=\"og:image:width\" content=\"19\" \/>\n\t<meta property=\"og:image:height\" content=\"19\" \/>\n\t<meta property=\"og:image:type\" content=\"image\/png\" \/>\n<meta name=\"twitter:card\" content=\"summary_large_image\" \/>\n<meta name=\"twitter:label1\" content=\"Estimation du temps de lecture\" \/>\n\t<meta name=\"twitter:data1\" content=\"3 minutes\" \/>\n<script type=\"application\/ld+json\" class=\"yoast-schema-graph\">{\"@context\":\"https:\/\/schema.org\",\"@graph\":[{\"@type\":\"WebPage\",\"@id\":\"https:\/\/shopiwebs.com\/privacy-policy\/\",\"url\":\"https:\/\/shopiwebs.com\/privacy-policy\/\",\"name\":\"Privacy Policy - Shopiwebs\",\"isPartOf\":{\"@id\":\"https:\/\/shopiwebs.com\/en\/#website\"},\"primaryImageOfPage\":{\"@id\":\"https:\/\/shopiwebs.com\/privacy-policy\/#primaryimage\"},\"image\":{\"@id\":\"https:\/\/shopiwebs.com\/privacy-policy\/#primaryimage\"},\"thumbnailUrl\":\"https:\/\/shopiwebs.com\/wp-content\/uploads\/2023\/12\/slider_shape001-Jim-Fahad-Digital-1.png\",\"datePublished\":\"2024-11-04T02:43:23+00:00\",\"dateModified\":\"2024-11-04T02:54:12+00:00\",\"breadcrumb\":{\"@id\":\"https:\/\/shopiwebs.com\/privacy-policy\/#breadcrumb\"},\"inLanguage\":\"fr-CA\",\"potentialAction\":[{\"@type\":\"ReadAction\",\"target\":[\"https:\/\/shopiwebs.com\/privacy-policy\/\"]}]},{\"@type\":\"ImageObject\",\"inLanguage\":\"fr-CA\",\"@id\":\"https:\/\/shopiwebs.com\/privacy-policy\/#primaryimage\",\"url\":\"https:\/\/shopiwebs.com\/wp-content\/uploads\/2023\/12\/slider_shape001-Jim-Fahad-Digital-1.png\",\"contentUrl\":\"https:\/\/shopiwebs.com\/wp-content\/uploads\/2023\/12\/slider_shape001-Jim-Fahad-Digital-1.png\"},{\"@type\":\"BreadcrumbList\",\"@id\":\"https:\/\/shopiwebs.com\/privacy-policy\/#breadcrumb\",\"itemListElement\":[{\"@type\":\"ListItem\",\"position\":1,\"name\":\"Home\",\"item\":\"https:\/\/shopiwebs.com\/\"},{\"@type\":\"ListItem\",\"position\":2,\"name\":\"Privacy Policy\"}]},{\"@type\":\"WebSite\",\"@id\":\"https:\/\/shopiwebs.com\/en\/#website\",\"url\":\"https:\/\/shopiwebs.com\/en\/\",\"name\":\"Shopiwebs\",\"description\":\"\",\"publisher\":{\"@id\":\"https:\/\/shopiwebs.com\/en\/#organization\"},\"potentialAction\":[{\"@type\":\"SearchAction\",\"target\":{\"@type\":\"EntryPoint\",\"urlTemplate\":\"https:\/\/shopiwebs.com\/en\/?s={search_term_string}\"},\"query-input\":{\"@type\":\"PropertyValueSpecification\",\"valueRequired\":true,\"valueName\":\"search_term_string\"}}],\"inLanguage\":\"fr-CA\"},{\"@type\":\"Organization\",\"@id\":\"https:\/\/shopiwebs.com\/en\/#organization\",\"name\":\"Shopiwebs\",\"url\":\"https:\/\/shopiwebs.com\/en\/\",\"logo\":{\"@type\":\"ImageObject\",\"inLanguage\":\"fr-CA\",\"@id\":\"https:\/\/shopiwebs.com\/en\/#\/schema\/logo\/image\/\",\"url\":\"https:\/\/shopiwebs.com\/wp-content\/uploads\/2023\/12\/logo_transparent.png\",\"contentUrl\":\"https:\/\/shopiwebs.com\/wp-content\/uploads\/2023\/12\/logo_transparent.png\",\"width\":1200,\"height\":1200,\"caption\":\"Shopiwebs\"},\"image\":{\"@id\":\"https:\/\/shopiwebs.com\/en\/#\/schema\/logo\/image\/\"},\"sameAs\":[\"https:\/\/www.facebook.com\/shopiwebs\",\"https:\/\/www.instagram.com\/shopiwebs\/\"]}]}<\/script>\n<!-- \/ Yoast SEO Premium plugin. -->","yoast_head_json":{"title":"Privacy Policy - Shopiwebs","robots":{"index":"index","follow":"follow","max-snippet":"max-snippet:-1","max-image-preview":"max-image-preview:large","max-video-preview":"max-video-preview:-1"},"canonical":"https:\/\/shopiwebs.com\/fr\/privacy-policy\/","og_locale":"fr_CA","og_type":"article","og_title":"Privacy Policy","og_description":"POLITIQUE DE CONFIDENTIALIT\u00c9 Chez Shopiwebs, nous respectons la vie priv\u00e9e de nos clients, partenaires et visiteurs. La pr\u00e9sente Politique de Confidentialit\u00e9 explique comment nous recueillons, utilisons, prot\u00e9geons et divulguons vos renseignements personnels lorsque vous interagissez avec nous, conform\u00e9ment aux lois en vigueur au Qu\u00e9bec et au Canada. 1. Collecte des renseignements personnels Nous recueillons vos [&hellip;]","og_url":"https:\/\/shopiwebs.com\/fr\/privacy-policy\/","og_site_name":"Shopiwebs","article_publisher":"https:\/\/www.facebook.com\/shopiwebs","article_modified_time":"2024-11-04T02:54:12+00:00","og_image":[{"width":19,"height":19,"url":"https:\/\/shopiwebs.com\/wp-content\/uploads\/2023\/12\/slider_shape001-Jim-Fahad-Digital-1.png","type":"image\/png"}],"twitter_card":"summary_large_image","twitter_misc":{"Estimation du temps de lecture":"3 minutes"},"schema":{"@context":"https:\/\/schema.org","@graph":[{"@type":"WebPage","@id":"https:\/\/shopiwebs.com\/privacy-policy\/","url":"https:\/\/shopiwebs.com\/privacy-policy\/","name":"Privacy Policy - Shopiwebs","isPartOf":{"@id":"https:\/\/shopiwebs.com\/en\/#website"},"primaryImageOfPage":{"@id":"https:\/\/shopiwebs.com\/privacy-policy\/#primaryimage"},"image":{"@id":"https:\/\/shopiwebs.com\/privacy-policy\/#primaryimage"},"thumbnailUrl":"https:\/\/shopiwebs.com\/wp-content\/uploads\/2023\/12\/slider_shape001-Jim-Fahad-Digital-1.png","datePublished":"2024-11-04T02:43:23+00:00","dateModified":"2024-11-04T02:54:12+00:00","breadcrumb":{"@id":"https:\/\/shopiwebs.com\/privacy-policy\/#breadcrumb"},"inLanguage":"fr-CA","potentialAction":[{"@type":"ReadAction","target":["https:\/\/shopiwebs.com\/privacy-policy\/"]}]},{"@type":"ImageObject","inLanguage":"fr-CA","@id":"https:\/\/shopiwebs.com\/privacy-policy\/#primaryimage","url":"https:\/\/shopiwebs.com\/wp-content\/uploads\/2023\/12\/slider_shape001-Jim-Fahad-Digital-1.png","contentUrl":"https:\/\/shopiwebs.com\/wp-content\/uploads\/2023\/12\/slider_shape001-Jim-Fahad-Digital-1.png"},{"@type":"BreadcrumbList","@id":"https:\/\/shopiwebs.com\/privacy-policy\/#breadcrumb","itemListElement":[{"@type":"ListItem","position":1,"name":"Home","item":"https:\/\/shopiwebs.com\/"},{"@type":"ListItem","position":2,"name":"Privacy Policy"}]},{"@type":"WebSite","@id":"https:\/\/shopiwebs.com\/en\/#website","url":"https:\/\/shopiwebs.com\/en\/","name":"Shopiwebs","description":"","publisher":{"@id":"https:\/\/shopiwebs.com\/en\/#organization"},"potentialAction":[{"@type":"SearchAction","target":{"@type":"EntryPoint","urlTemplate":"https:\/\/shopiwebs.com\/en\/?s={search_term_string}"},"query-input":{"@type":"PropertyValueSpecification","valueRequired":true,"valueName":"search_term_string"}}],"inLanguage":"fr-CA"},{"@type":"Organization","@id":"https:\/\/shopiwebs.com\/en\/#organization","name":"Shopiwebs","url":"https:\/\/shopiwebs.com\/en\/","logo":{"@type":"ImageObject","inLanguage":"fr-CA","@id":"https:\/\/shopiwebs.com\/en\/#\/schema\/logo\/image\/","url":"https:\/\/shopiwebs.com\/wp-content\/uploads\/2023\/12\/logo_transparent.png","contentUrl":"https:\/\/shopiwebs.com\/wp-content\/uploads\/2023\/12\/logo_transparent.png","width":1200,"height":1200,"caption":"Shopiwebs"},"image":{"@id":"https:\/\/shopiwebs.com\/en\/#\/schema\/logo\/image\/"},"sameAs":["https:\/\/www.facebook.com\/shopiwebs","https:\/\/www.instagram.com\/shopiwebs\/"]}]}},"_links":{"self":[{"href":"https:\/\/shopiwebs.com\/fr\/wp-json\/wp\/v2\/pages\/8465","targetHints":{"allow":["GET"]}}],"collection":[{"href":"https:\/\/shopiwebs.com\/fr\/wp-json\/wp\/v2\/pages"}],"about":[{"href":"https:\/\/shopiwebs.com\/fr\/wp-json\/wp\/v2\/types\/page"}],"author":[{"embeddable":true,"href":"https:\/\/shopiwebs.com\/fr\/wp-json\/wp\/v2\/users\/1"}],"replies":[{"embeddable":true,"href":"https:\/\/shopiwebs.com\/fr\/wp-json\/wp\/v2\/comments?post=8465"}],"version-history":[{"count":9,"href":"https:\/\/shopiwebs.com\/fr\/wp-json\/wp\/v2\/pages\/8465\/revisions"}],"predecessor-version":[{"id":8476,"href":"https:\/\/shopiwebs.com\/fr\/wp-json\/wp\/v2\/pages\/8465\/revisions\/8476"}],"wp:attachment":[{"href":"https:\/\/shopiwebs.com\/fr\/wp-json\/wp\/v2\/media?parent=8465"}],"curies":[{"name":"wp","href":"https:\/\/api.w.org\/{rel}","templated":true}]}}