{"id":7648,"date":"2024-10-16T21:30:38","date_gmt":"2024-10-17T01:30:38","guid":{"rendered":"https:\/\/shopiwebs-staging.com\/?page_id=7648"},"modified":"2024-11-11T20:56:08","modified_gmt":"2024-11-12T01:56:08","slug":"privacy-policy-2","status":"publish","type":"page","link":"https:\/\/shopiwebs.com\/fr\/privacy-policy-2\/","title":{"rendered":"Refund Policy"},"content":{"rendered":"\t\t<div data-elementor-type=\"wp-page\" data-elementor-id=\"7648\" class=\"elementor elementor-7648\" data-elementor-post-type=\"page\">\n\t\t\t\t<div data-particle_enable=\"false\" data-particle-mobile-disabled=\"false\" class=\"elementor-element elementor-element-342b5ab e-flex e-con-boxed e-con e-parent\" data-id=\"342b5ab\" data-element_type=\"container\">\n\t\t\t\t\t<div class=\"e-con-inner\">\n\t\t\t\t\t<\/div>\n\t\t\t\t<\/div>\n\t\t<div data-particle_enable=\"false\" data-particle-mobile-disabled=\"false\" class=\"elementor-element elementor-element-474ea3 e-flex e-con-boxed e-con e-parent\" data-id=\"474ea3\" data-element_type=\"container\">\n\t\t\t\t\t<div class=\"e-con-inner\">\n\t\t<div data-particle_enable=\"false\" data-particle-mobile-disabled=\"false\" class=\"elementor-element elementor-element-4e31f318 e-flex e-con-boxed e-con e-child\" data-id=\"4e31f318\" data-element_type=\"container\">\n\t\t\t\t\t<div class=\"e-con-inner\">\n\t\t<div data-particle_enable=\"false\" data-particle-mobile-disabled=\"false\" class=\"elementor-element elementor-element-5b333ad0 e-flex e-con-boxed e-con e-child\" data-id=\"5b333ad0\" data-element_type=\"container\">\n\t\t\t\t\t<div class=\"e-con-inner\">\n\t\t\t\t<div class=\"elementor-element elementor-element-724d0d27 elementor-absolute rotateme de_scroll_animation_no elementor-widget elementor-widget-image\" data-id=\"724d0d27\" data-element_type=\"widget\" data-settings=\"{&quot;_position&quot;:&quot;absolute&quot;}\" data-widget_type=\"image.default\">\n\t\t\t\t<div class=\"elementor-widget-container\">\n\t\t\t\t\t\t\t\t\t\t\t\t\t<img decoding=\"async\" width=\"19\" height=\"19\" src=\"https:\/\/shopiwebs.com\/wp-content\/uploads\/2023\/12\/slider_shape001-Jim-Fahad-Digital-1.png\" class=\"attachment-large size-large wp-image-8\" alt=\"\" \/>\t\t\t\t\t\t\t\t\t\t\t\t\t<\/div>\n\t\t\t\t<\/div>\n\t\t\t\t<div class=\"elementor-element elementor-element-26275805 elementor-absolute animationFramesOne de_scroll_animation_no elementor-widget elementor-widget-image\" data-id=\"26275805\" data-element_type=\"widget\" data-settings=\"{&quot;_position&quot;:&quot;absolute&quot;}\" data-widget_type=\"image.default\">\n\t\t\t\t<div class=\"elementor-widget-container\">\n\t\t\t\t\t\t\t\t\t\t\t\t\t<img decoding=\"async\" width=\"23\" height=\"23\" src=\"https:\/\/shopiwebs.com\/wp-content\/uploads\/2023\/12\/slider_shape003-Jim-Fahad-Digital-1.png\" class=\"attachment-large size-large wp-image-21\" alt=\"\" \/>\t\t\t\t\t\t\t\t\t\t\t\t\t<\/div>\n\t\t\t\t<\/div>\n\t\t\t\t<div class=\"elementor-element elementor-element-5845fda1 elementor-absolute contactSwimmer de_scroll_animation_no elementor-widget elementor-widget-image\" data-id=\"5845fda1\" data-element_type=\"widget\" data-settings=\"{&quot;_position&quot;:&quot;absolute&quot;}\" data-widget_type=\"image.default\">\n\t\t\t\t<div class=\"elementor-widget-container\">\n\t\t\t\t\t\t\t\t\t\t\t\t\t<img decoding=\"async\" width=\"30\" height=\"30\" src=\"https:\/\/shopiwebs.com\/wp-content\/uploads\/2023\/12\/slider_shape004-Jim-Fahad-Digital-1.png\" class=\"attachment-large size-large wp-image-22\" alt=\"\" \/>\t\t\t\t\t\t\t\t\t\t\t\t\t<\/div>\n\t\t\t\t<\/div>\n\t\t\t\t\t<\/div>\n\t\t\t\t<\/div>\n\t\t\t\t\t<\/div>\n\t\t\t\t<\/div>\n\t\t\t\t\t<\/div>\n\t\t\t\t<\/div>\n\t\t<div data-particle_enable=\"false\" data-particle-mobile-disabled=\"false\" class=\"elementor-element elementor-element-277aed68 e-con-full e-flex e-con e-parent\" data-id=\"277aed68\" data-element_type=\"container\">\n\t\t<div data-particle_enable=\"false\" data-particle-mobile-disabled=\"false\" class=\"elementor-element elementor-element-77f994c9 e-con-full e-flex e-con e-child\" data-id=\"77f994c9\" data-element_type=\"container\">\n\t\t<div data-particle_enable=\"false\" data-particle-mobile-disabled=\"false\" class=\"elementor-element elementor-element-26219577 e-flex e-con-boxed e-con e-child\" data-id=\"26219577\" data-element_type=\"container\" data-settings=\"{&quot;background_background&quot;:&quot;classic&quot;}\">\n\t\t\t\t\t<div class=\"e-con-inner\">\n\t\t\t\t<div class=\"elementor-element elementor-element-14b4ab53 de_scroll_animation_no elementor-widget elementor-widget-heading\" data-id=\"14b4ab53\" data-element_type=\"widget\" data-widget_type=\"heading.default\">\n\t\t\t\t<div class=\"elementor-widget-container\">\n\t\t\t<h5 class=\"elementor-heading-title elementor-size-default\">POLITIQUE DE REMBOURSEMENT<\/h5>\t\t<\/div>\n\t\t\t\t<\/div>\n\t\t\t\t\t<\/div>\n\t\t\t\t<\/div>\n\t\t\t\t<\/div>\n\t\t\t\t<\/div>\n\t\t<div data-particle_enable=\"false\" data-particle-mobile-disabled=\"false\" class=\"elementor-element elementor-element-568ee7d3 e-con-full e-flex e-con e-parent\" data-id=\"568ee7d3\" data-element_type=\"container\">\n\t\t<div data-particle_enable=\"false\" data-particle-mobile-disabled=\"false\" class=\"elementor-element elementor-element-3c8e379d e-flex e-con-boxed e-con e-child\" data-id=\"3c8e379d\" data-element_type=\"container\" data-settings=\"{&quot;background_background&quot;:&quot;classic&quot;}\">\n\t\t\t\t\t<div class=\"e-con-inner\">\n\t\t<div data-particle_enable=\"false\" data-particle-mobile-disabled=\"false\" class=\"elementor-element elementor-element-4aacf535 e-con-full e-flex e-con e-child\" data-id=\"4aacf535\" data-element_type=\"container\">\n\t\t<div data-particle_enable=\"false\" data-particle-mobile-disabled=\"false\" class=\"elementor-element elementor-element-57e95310 e-flex e-con-boxed e-con e-child\" data-id=\"57e95310\" data-element_type=\"container\">\n\t\t\t\t\t<div class=\"e-con-inner\">\n\t\t\t\t<div class=\"elementor-element elementor-element-7e566025 de_scroll_animation_no elementor-widget elementor-widget-text-editor\" data-id=\"7e566025\" data-element_type=\"widget\" data-widget_type=\"text-editor.default\">\n\t\t\t\t<div class=\"elementor-widget-container\">\n\t\t\t\t\t\t\t<h5><span style=\"background-color: var( --e-global-color-primary ); font-family: var(--theme-font-family); font-size: var(--theme-font-size); font-style: var(--theme-font-style, inherit); font-variant-ligatures: inherit; font-variant-caps: inherit; font-weight: 400; letter-spacing: var(--theme-letter-spacing); text-transform: var(--theme-text-transform); color: #ffffff;\">Chez Shopiwebs, nous croyons fermement que nous livrons des produits qui r\u00e9pondent aux besoins de nos clients. Nous comprenons cependant qu\u2019ils ne peuvent pas fonctionner parfaitement pour tout le monde, tout le temps. Si vous souhaitez demander un remboursement, veuillez nous contacter. Lors de votre demande de remboursement, nous vous prions de respecter les conditions de notre politique de remboursement :<\/span><\/h5><h3><span style=\"color: #ffffff;\"><b>1. Conditions d\u2019\u00e9ligibilit\u00e9 pour une demande de remboursement<\/b><\/span><\/h3><h5><span style=\"color: #ffffff;\"><b>1.1 Pour tout forfait de site Web<\/b><\/span><\/h5><ul><li style=\"font-weight: 400;\" aria-level=\"2\"><span style=\"font-weight: 400; color: #ffffff;\">Nous nous engageons sur un contrat de 2 ann\u00e9es<\/span><\/li><li style=\"font-weight: 400;\" aria-level=\"2\"><span style=\"font-weight: 400; color: #ffffff;\">Le premier paiement est effectu\u00e9 une fois le site web est en ligne<\/span><\/li><li style=\"font-weight: 400;\" aria-level=\"2\"><span style=\"font-weight: 400; color: #ffffff;\">Vous pouvez annuler votre abonnement \u00e0 la fin du contrat<\/span><\/li><\/ul><h5><span style=\"color: #ffffff;\"><b>1.2 Paiement pour les forfait site web\u00a0<\/b><\/span><\/h5><ul><li style=\"font-weight: 400;\" aria-level=\"2\"><span style=\"color: #ffffff;\"><b>Forfait d\u00e9marrage<\/b><span style=\"font-weight: 400;\">: Nous facturons au six mois<\/span><\/span><\/li><li style=\"font-weight: 400;\" aria-level=\"2\"><span style=\"color: #ffffff;\"><b>Autres forfaits<\/b><span style=\"font-weight: 400;\">: \u00a0 Vous avez le choix pour un paiement au mois ou au six mois.\u00a0\u00a0<\/span><\/span><\/li><\/ul><h5><span style=\"color: #ffffff;\"><b>1.3 Forfait SEO et Marketing<\/b><\/span><\/h5><ul><li style=\"font-weight: 400;\" aria-level=\"2\"><span style=\"font-weight: 400; color: #ffffff;\">Pour les forfaits SEO et marketing, le remboursement est possible uniquement si Shopiwebs n\u2019a pas engag\u00e9 de d\u00e9penses publicitaires et si aucun d\u00e9veloppement n\u2019a \u00e9t\u00e9 r\u00e9alis\u00e9.<\/span><\/li><li style=\"font-weight: 400;\" aria-level=\"2\"><span style=\"font-weight: 400; color: #ffffff;\">Pour la gestion des r\u00e9seaux sociaux, vous pouvez annuler votre abonnement dans les 7 premiers jours du contrat, \u00e0 condition qu\u2019aucun d\u00e9veloppement n\u2019ait \u00e9t\u00e9 entrepris.<\/span><\/li><\/ul><h3><span style=\"color: #ffffff;\"><b>2. Conditions d\u2019in\u00e9ligibilit\u00e9 pour une demande de remboursement\u00a0<\/b><\/span><\/h3><ul><li style=\"font-weight: 400;\" aria-level=\"2\"><span style=\"font-weight: 400; color: #ffffff;\">Pour les forfaits site web : vous changez d\u2019avis sur le th\u00e8me du site apr\u00e8s votre s\u00e9lection initiale et le mod\u00e8le ne correspond pas \u00e0 vos attentes.<\/span><\/li><li style=\"font-weight: 400;\" aria-level=\"2\"><span style=\"font-weight: 400; color: #ffffff;\">Shopiwebs a d\u00e9j\u00e0 investi des ressources substantielles dans l\u2019analyse initiale et le d\u00e9veloppement de votre site web, de vos activit\u00e9s de marketing ou de gestion des r\u00e9seaux sociaux.<\/span><\/li><li style=\"font-weight: 400;\" aria-level=\"2\"><span style=\"font-weight: 400; color: #ffffff;\">Si l\u2019\u00e9chec du projet est d\u00fb \u00e0 des retards importants dans les r\u00e9ponses du client et \u00e0 des informations incorrectes fournies par celui-ci.<\/span><\/li><li style=\"font-weight: 400;\" aria-level=\"2\"><span style=\"font-weight: 400; color: #ffffff;\">Vous affirmez avoir droit \u00e0 un remboursement mais ne fournissez pas d\u2019informations suffisantes justifiant votre demande de remboursement.<\/span><\/li><\/ul><h5>\u00a0<\/h5>\t\t\t\t\t\t<\/div>\n\t\t\t\t<\/div>\n\t\t\t\t\t<\/div>\n\t\t\t\t<\/div>\n\t\t\t\t<\/div>\n\t\t\t\t\t<\/div>\n\t\t\t\t<\/div>\n\t\t\t\t<\/div>\n\t\t<div data-particle_enable=\"false\" data-particle-mobile-disabled=\"false\" class=\"elementor-element elementor-element-247bfba8 e-flex e-con-boxed e-con e-parent\" data-id=\"247bfba8\" data-element_type=\"container\">\n\t\t\t\t\t<div class=\"e-con-inner\">\n\t\t<div data-particle_enable=\"false\" data-particle-mobile-disabled=\"false\" class=\"elementor-element elementor-element-aeb3bd5 e-flex e-con-boxed e-con e-child\" data-id=\"aeb3bd5\" data-element_type=\"container\">\n\t\t\t\t\t<div class=\"e-con-inner\">\n\t\t\t\t<div class=\"elementor-element elementor-element-131919b6 de_scroll_animation_no elementor-widget elementor-widget-eael-creative-button\" data-id=\"131919b6\" data-element_type=\"widget\" data-widget_type=\"eael-creative-button.default\">\n\t\t\t\t<div class=\"elementor-widget-container\">\n\t\t\t        <div class=\"eael-creative-button-wrapper\">\n\n            <a class=\"eael-creative-button eael-creative-button--default\" href=\"https:\/\/shopiwebs.com\/contact\/\" data-text=\"Go!\">\n\n\t    \n                <div class=\"creative-button-inner\">\n\n                                            <span class=\"eael-creative-button-icon-left\"><i aria-hidden=\"true\" class=\"icon icon-contact\"><\/i><\/span>                    \n                    <span class=\"cretive-button-text\">CONTACTEZ-NOUS<\/span>\n\n                                    <\/div>\n\t                        <\/a>\n        <\/div>\n\t\t<\/div>\n\t\t\t\t<\/div>\n\t\t\t\t\t<\/div>\n\t\t\t\t<\/div>\n\t\t\t\t\t<\/div>\n\t\t\t\t<\/div>\n\t\t\t\t<\/div>\n\t\t","protected":false},"excerpt":{"rendered":"<p>POLITIQUE DE REMBOURSEMENT Chez Shopiwebs, nous croyons fermement que nous livrons des produits qui r\u00e9pondent aux besoins de nos clients. Nous comprenons cependant qu\u2019ils ne peuvent pas fonctionner parfaitement pour tout le monde, tout le temps. Si vous souhaitez demander un remboursement, veuillez nous contacter. Lors de votre demande de remboursement, nous vous prions de [&hellip;]<\/p>\n","protected":false},"author":1,"featured_media":0,"parent":0,"menu_order":0,"comment_status":"closed","ping_status":"closed","template":"elementor_header_footer","meta":{"_eb_attr":"","om_disable_all_campaigns":false,"footnotes":""},"class_list":["post-7648","page","type-page","status-publish","hentry"],"blocksy_meta":[],"yoast_head":"<!-- This site is optimized with the Yoast SEO Premium plugin v23.9 (Yoast SEO v23.9) - https:\/\/yoast.com\/wordpress\/plugins\/seo\/ -->\n<title>Refund Policy - Shopiwebs<\/title>\n<meta name=\"robots\" content=\"index, follow, max-snippet:-1, max-image-preview:large, max-video-preview:-1\" \/>\n<link rel=\"canonical\" href=\"https:\/\/shopiwebs.com\/fr\/privacy-policy-2\/\" \/>\n<meta property=\"og:locale\" content=\"fr_CA\" \/>\n<meta property=\"og:type\" content=\"article\" \/>\n<meta property=\"og:title\" content=\"Refund Policy\" \/>\n<meta property=\"og:description\" content=\"POLITIQUE DE REMBOURSEMENT Chez Shopiwebs, nous croyons fermement que nous livrons des produits qui r\u00e9pondent aux besoins de nos clients. Nous comprenons cependant qu\u2019ils ne peuvent pas fonctionner parfaitement pour tout le monde, tout le temps. Si vous souhaitez demander un remboursement, veuillez nous contacter. Lors de votre demande de remboursement, nous vous prions de [&hellip;]\" \/>\n<meta property=\"og:url\" content=\"https:\/\/shopiwebs.com\/fr\/privacy-policy-2\/\" \/>\n<meta property=\"og:site_name\" content=\"Shopiwebs\" \/>\n<meta property=\"article:publisher\" content=\"https:\/\/www.facebook.com\/shopiwebs\" \/>\n<meta property=\"article:modified_time\" content=\"2024-11-12T01:56:08+00:00\" \/>\n<meta property=\"og:image\" content=\"https:\/\/shopiwebs.com\/wp-content\/uploads\/2023\/12\/slider_shape001-Jim-Fahad-Digital-1.png\" \/>\n\t<meta property=\"og:image:width\" content=\"19\" \/>\n\t<meta property=\"og:image:height\" content=\"19\" \/>\n\t<meta property=\"og:image:type\" content=\"image\/png\" \/>\n<meta name=\"twitter:card\" content=\"summary_large_image\" \/>\n<meta name=\"twitter:label1\" content=\"Estimation du temps de lecture\" \/>\n\t<meta name=\"twitter:data1\" content=\"2 minutes\" \/>\n<script type=\"application\/ld+json\" class=\"yoast-schema-graph\">{\"@context\":\"https:\/\/schema.org\",\"@graph\":[{\"@type\":\"WebPage\",\"@id\":\"https:\/\/shopiwebs.com\/privacy-policy-2\/\",\"url\":\"https:\/\/shopiwebs.com\/privacy-policy-2\/\",\"name\":\"Refund Policy - Shopiwebs\",\"isPartOf\":{\"@id\":\"https:\/\/shopiwebs.com\/en\/#website\"},\"primaryImageOfPage\":{\"@id\":\"https:\/\/shopiwebs.com\/privacy-policy-2\/#primaryimage\"},\"image\":{\"@id\":\"https:\/\/shopiwebs.com\/privacy-policy-2\/#primaryimage\"},\"thumbnailUrl\":\"https:\/\/shopiwebs.com\/wp-content\/uploads\/2023\/12\/slider_shape001-Jim-Fahad-Digital-1.png\",\"datePublished\":\"2024-10-17T01:30:38+00:00\",\"dateModified\":\"2024-11-12T01:56:08+00:00\",\"breadcrumb\":{\"@id\":\"https:\/\/shopiwebs.com\/privacy-policy-2\/#breadcrumb\"},\"inLanguage\":\"fr-CA\",\"potentialAction\":[{\"@type\":\"ReadAction\",\"target\":[\"https:\/\/shopiwebs.com\/privacy-policy-2\/\"]}]},{\"@type\":\"ImageObject\",\"inLanguage\":\"fr-CA\",\"@id\":\"https:\/\/shopiwebs.com\/privacy-policy-2\/#primaryimage\",\"url\":\"https:\/\/shopiwebs.com\/wp-content\/uploads\/2023\/12\/slider_shape001-Jim-Fahad-Digital-1.png\",\"contentUrl\":\"https:\/\/shopiwebs.com\/wp-content\/uploads\/2023\/12\/slider_shape001-Jim-Fahad-Digital-1.png\"},{\"@type\":\"BreadcrumbList\",\"@id\":\"https:\/\/shopiwebs.com\/privacy-policy-2\/#breadcrumb\",\"itemListElement\":[{\"@type\":\"ListItem\",\"position\":1,\"name\":\"Home\",\"item\":\"https:\/\/shopiwebs.com\/\"},{\"@type\":\"ListItem\",\"position\":2,\"name\":\"Refund Policy\"}]},{\"@type\":\"WebSite\",\"@id\":\"https:\/\/shopiwebs.com\/en\/#website\",\"url\":\"https:\/\/shopiwebs.com\/en\/\",\"name\":\"Shopiwebs\",\"description\":\"\",\"publisher\":{\"@id\":\"https:\/\/shopiwebs.com\/en\/#organization\"},\"potentialAction\":[{\"@type\":\"SearchAction\",\"target\":{\"@type\":\"EntryPoint\",\"urlTemplate\":\"https:\/\/shopiwebs.com\/en\/?s={search_term_string}\"},\"query-input\":{\"@type\":\"PropertyValueSpecification\",\"valueRequired\":true,\"valueName\":\"search_term_string\"}}],\"inLanguage\":\"fr-CA\"},{\"@type\":\"Organization\",\"@id\":\"https:\/\/shopiwebs.com\/en\/#organization\",\"name\":\"Shopiwebs\",\"url\":\"https:\/\/shopiwebs.com\/en\/\",\"logo\":{\"@type\":\"ImageObject\",\"inLanguage\":\"fr-CA\",\"@id\":\"https:\/\/shopiwebs.com\/en\/#\/schema\/logo\/image\/\",\"url\":\"https:\/\/shopiwebs.com\/wp-content\/uploads\/2023\/12\/logo_transparent.png\",\"contentUrl\":\"https:\/\/shopiwebs.com\/wp-content\/uploads\/2023\/12\/logo_transparent.png\",\"width\":1200,\"height\":1200,\"caption\":\"Shopiwebs\"},\"image\":{\"@id\":\"https:\/\/shopiwebs.com\/en\/#\/schema\/logo\/image\/\"},\"sameAs\":[\"https:\/\/www.facebook.com\/shopiwebs\",\"https:\/\/www.instagram.com\/shopiwebs\/\"]}]}<\/script>\n<!-- \/ Yoast SEO Premium plugin. -->","yoast_head_json":{"title":"Refund Policy - Shopiwebs","robots":{"index":"index","follow":"follow","max-snippet":"max-snippet:-1","max-image-preview":"max-image-preview:large","max-video-preview":"max-video-preview:-1"},"canonical":"https:\/\/shopiwebs.com\/fr\/privacy-policy-2\/","og_locale":"fr_CA","og_type":"article","og_title":"Refund Policy","og_description":"POLITIQUE DE REMBOURSEMENT Chez Shopiwebs, nous croyons fermement que nous livrons des produits qui r\u00e9pondent aux besoins de nos clients. Nous comprenons cependant qu\u2019ils ne peuvent pas fonctionner parfaitement pour tout le monde, tout le temps. Si vous souhaitez demander un remboursement, veuillez nous contacter. Lors de votre demande de remboursement, nous vous prions de [&hellip;]","og_url":"https:\/\/shopiwebs.com\/fr\/privacy-policy-2\/","og_site_name":"Shopiwebs","article_publisher":"https:\/\/www.facebook.com\/shopiwebs","article_modified_time":"2024-11-12T01:56:08+00:00","og_image":[{"width":19,"height":19,"url":"https:\/\/shopiwebs.com\/wp-content\/uploads\/2023\/12\/slider_shape001-Jim-Fahad-Digital-1.png","type":"image\/png"}],"twitter_card":"summary_large_image","twitter_misc":{"Estimation du temps de lecture":"2 minutes"},"schema":{"@context":"https:\/\/schema.org","@graph":[{"@type":"WebPage","@id":"https:\/\/shopiwebs.com\/privacy-policy-2\/","url":"https:\/\/shopiwebs.com\/privacy-policy-2\/","name":"Refund Policy - Shopiwebs","isPartOf":{"@id":"https:\/\/shopiwebs.com\/en\/#website"},"primaryImageOfPage":{"@id":"https:\/\/shopiwebs.com\/privacy-policy-2\/#primaryimage"},"image":{"@id":"https:\/\/shopiwebs.com\/privacy-policy-2\/#primaryimage"},"thumbnailUrl":"https:\/\/shopiwebs.com\/wp-content\/uploads\/2023\/12\/slider_shape001-Jim-Fahad-Digital-1.png","datePublished":"2024-10-17T01:30:38+00:00","dateModified":"2024-11-12T01:56:08+00:00","breadcrumb":{"@id":"https:\/\/shopiwebs.com\/privacy-policy-2\/#breadcrumb"},"inLanguage":"fr-CA","potentialAction":[{"@type":"ReadAction","target":["https:\/\/shopiwebs.com\/privacy-policy-2\/"]}]},{"@type":"ImageObject","inLanguage":"fr-CA","@id":"https:\/\/shopiwebs.com\/privacy-policy-2\/#primaryimage","url":"https:\/\/shopiwebs.com\/wp-content\/uploads\/2023\/12\/slider_shape001-Jim-Fahad-Digital-1.png","contentUrl":"https:\/\/shopiwebs.com\/wp-content\/uploads\/2023\/12\/slider_shape001-Jim-Fahad-Digital-1.png"},{"@type":"BreadcrumbList","@id":"https:\/\/shopiwebs.com\/privacy-policy-2\/#breadcrumb","itemListElement":[{"@type":"ListItem","position":1,"name":"Home","item":"https:\/\/shopiwebs.com\/"},{"@type":"ListItem","position":2,"name":"Refund Policy"}]},{"@type":"WebSite","@id":"https:\/\/shopiwebs.com\/en\/#website","url":"https:\/\/shopiwebs.com\/en\/","name":"Shopiwebs","description":"","publisher":{"@id":"https:\/\/shopiwebs.com\/en\/#organization"},"potentialAction":[{"@type":"SearchAction","target":{"@type":"EntryPoint","urlTemplate":"https:\/\/shopiwebs.com\/en\/?s={search_term_string}"},"query-input":{"@type":"PropertyValueSpecification","valueRequired":true,"valueName":"search_term_string"}}],"inLanguage":"fr-CA"},{"@type":"Organization","@id":"https:\/\/shopiwebs.com\/en\/#organization","name":"Shopiwebs","url":"https:\/\/shopiwebs.com\/en\/","logo":{"@type":"ImageObject","inLanguage":"fr-CA","@id":"https:\/\/shopiwebs.com\/en\/#\/schema\/logo\/image\/","url":"https:\/\/shopiwebs.com\/wp-content\/uploads\/2023\/12\/logo_transparent.png","contentUrl":"https:\/\/shopiwebs.com\/wp-content\/uploads\/2023\/12\/logo_transparent.png","width":1200,"height":1200,"caption":"Shopiwebs"},"image":{"@id":"https:\/\/shopiwebs.com\/en\/#\/schema\/logo\/image\/"},"sameAs":["https:\/\/www.facebook.com\/shopiwebs","https:\/\/www.instagram.com\/shopiwebs\/"]}]}},"_links":{"self":[{"href":"https:\/\/shopiwebs.com\/fr\/wp-json\/wp\/v2\/pages\/7648","targetHints":{"allow":["GET"]}}],"collection":[{"href":"https:\/\/shopiwebs.com\/fr\/wp-json\/wp\/v2\/pages"}],"about":[{"href":"https:\/\/shopiwebs.com\/fr\/wp-json\/wp\/v2\/types\/page"}],"author":[{"embeddable":true,"href":"https:\/\/shopiwebs.com\/fr\/wp-json\/wp\/v2\/users\/1"}],"replies":[{"embeddable":true,"href":"https:\/\/shopiwebs.com\/fr\/wp-json\/wp\/v2\/comments?post=7648"}],"version-history":[{"count":40,"href":"https:\/\/shopiwebs.com\/fr\/wp-json\/wp\/v2\/pages\/7648\/revisions"}],"predecessor-version":[{"id":8963,"href":"https:\/\/shopiwebs.com\/fr\/wp-json\/wp\/v2\/pages\/7648\/revisions\/8963"}],"wp:attachment":[{"href":"https:\/\/shopiwebs.com\/fr\/wp-json\/wp\/v2\/media?parent=7648"}],"curies":[{"name":"wp","href":"https:\/\/api.w.org\/{rel}","templated":true}]}}