{"id":8483,"date":"2024-11-03T22:02:45","date_gmt":"2024-11-04T03:02:45","guid":{"rendered":"https:\/\/shopiwebs.com\/?page_id=8483"},"modified":"2024-11-03T22:08:42","modified_gmt":"2024-11-04T03:08:42","slug":"terms-and-conditions","status":"publish","type":"page","link":"https:\/\/shopiwebs.com\/en\/terms-and-conditions\/","title":{"rendered":"Terms and conditions"},"content":{"rendered":"<div data-elementor-type=\"wp-page\" data-elementor-id=\"8483\" class=\"elementor elementor-8483\" data-elementor-post-type=\"page\">\n\t\t\t\t<div data-particle_enable=\"false\" data-particle-mobile-disabled=\"false\" class=\"elementor-element elementor-element-f4185c8 e-flex e-con-boxed e-con e-parent\" data-id=\"f4185c8\" data-element_type=\"container\">\n\t\t\t\t\t<div class=\"e-con-inner\">\n\t\t\t\t\t<\/div>\n\t\t\t\t<\/div>\n\t\t<div data-particle_enable=\"false\" data-particle-mobile-disabled=\"false\" class=\"elementor-element elementor-element-5561c48a e-flex e-con-boxed e-con e-parent\" data-id=\"5561c48a\" data-element_type=\"container\">\n\t\t\t\t\t<div class=\"e-con-inner\">\n\t\t<div data-particle_enable=\"false\" data-particle-mobile-disabled=\"false\" class=\"elementor-element elementor-element-3001b632 e-flex e-con-boxed e-con e-child\" data-id=\"3001b632\" data-element_type=\"container\">\n\t\t\t\t\t<div class=\"e-con-inner\">\n\t\t<div data-particle_enable=\"false\" data-particle-mobile-disabled=\"false\" class=\"elementor-element elementor-element-5fc32ab8 e-flex e-con-boxed e-con e-child\" data-id=\"5fc32ab8\" data-element_type=\"container\">\n\t\t\t\t\t<div class=\"e-con-inner\">\n\t\t\t\t<div class=\"elementor-element elementor-element-bf4be08 elementor-absolute rotateme de_scroll_animation_no elementor-widget elementor-widget-image\" data-id=\"bf4be08\" data-element_type=\"widget\" data-settings=\"{&quot;_position&quot;:&quot;absolute&quot;}\" data-widget_type=\"image.default\">\n\t\t\t\t<div class=\"elementor-widget-container\">\n\t\t\t\t\t\t\t\t\t\t\t\t\t<img decoding=\"async\" width=\"19\" height=\"19\" src=\"https:\/\/shopiwebs.com\/wp-content\/uploads\/2023\/12\/slider_shape001-Jim-Fahad-Digital-1.png\" class=\"attachment-large size-large wp-image-8\" alt=\"\" \/>\t\t\t\t\t\t\t\t\t\t\t\t\t<\/div>\n\t\t\t\t<\/div>\n\t\t\t\t<div class=\"elementor-element elementor-element-588ac131 elementor-absolute animationFramesOne de_scroll_animation_no elementor-widget elementor-widget-image\" data-id=\"588ac131\" data-element_type=\"widget\" data-settings=\"{&quot;_position&quot;:&quot;absolute&quot;}\" data-widget_type=\"image.default\">\n\t\t\t\t<div class=\"elementor-widget-container\">\n\t\t\t\t\t\t\t\t\t\t\t\t\t<img decoding=\"async\" width=\"23\" height=\"23\" src=\"https:\/\/shopiwebs.com\/wp-content\/uploads\/2023\/12\/slider_shape003-Jim-Fahad-Digital-1.png\" class=\"attachment-large size-large wp-image-21\" alt=\"\" \/>\t\t\t\t\t\t\t\t\t\t\t\t\t<\/div>\n\t\t\t\t<\/div>\n\t\t\t\t<div class=\"elementor-element elementor-element-7173a3d3 elementor-absolute contactSwimmer de_scroll_animation_no elementor-widget elementor-widget-image\" data-id=\"7173a3d3\" data-element_type=\"widget\" data-settings=\"{&quot;_position&quot;:&quot;absolute&quot;}\" data-widget_type=\"image.default\">\n\t\t\t\t<div class=\"elementor-widget-container\">\n\t\t\t\t\t\t\t\t\t\t\t\t\t<img decoding=\"async\" width=\"30\" height=\"30\" src=\"https:\/\/shopiwebs.com\/wp-content\/uploads\/2023\/12\/slider_shape004-Jim-Fahad-Digital-1.png\" class=\"attachment-large size-large wp-image-22\" alt=\"\" \/>\t\t\t\t\t\t\t\t\t\t\t\t\t<\/div>\n\t\t\t\t<\/div>\n\t\t\t\t\t<\/div>\n\t\t\t\t<\/div>\n\t\t\t\t\t<\/div>\n\t\t\t\t<\/div>\n\t\t\t\t\t<\/div>\n\t\t\t\t<\/div>\n\t\t<div data-particle_enable=\"false\" data-particle-mobile-disabled=\"false\" class=\"elementor-element elementor-element-601069fc e-con-full e-flex e-con e-parent\" data-id=\"601069fc\" data-element_type=\"container\">\n\t\t<div data-particle_enable=\"false\" data-particle-mobile-disabled=\"false\" class=\"elementor-element elementor-element-54528325 e-con-full e-flex e-con e-child\" data-id=\"54528325\" data-element_type=\"container\">\n\t\t<div data-particle_enable=\"false\" data-particle-mobile-disabled=\"false\" class=\"elementor-element elementor-element-3feb7657 e-flex e-con-boxed e-con e-child\" data-id=\"3feb7657\" data-element_type=\"container\" data-settings=\"{&quot;background_background&quot;:&quot;classic&quot;}\">\n\t\t\t\t\t<div class=\"e-con-inner\">\n\t\t\t\t<div class=\"elementor-element elementor-element-3ad6eb0e de_scroll_animation_no elementor-widget elementor-widget-heading\" data-id=\"3ad6eb0e\" data-element_type=\"widget\" data-widget_type=\"heading.default\">\n\t\t\t\t<div class=\"elementor-widget-container\">\n\t\t\t<h5 class=\"elementor-heading-title elementor-size-default\">Terms and conditions<\/h5>\t\t<\/div>\n\t\t\t\t<\/div>\n\t\t\t\t\t<\/div>\n\t\t\t\t<\/div>\n\t\t\t\t<\/div>\n\t\t\t\t<\/div>\n\t\t<div data-particle_enable=\"false\" data-particle-mobile-disabled=\"false\" class=\"elementor-element elementor-element-313b7c8 e-con-full e-flex e-con e-parent\" data-id=\"313b7c8\" data-element_type=\"container\">\n\t\t<div data-particle_enable=\"false\" data-particle-mobile-disabled=\"false\" class=\"elementor-element elementor-element-14641b0f e-flex e-con-boxed e-con e-child\" data-id=\"14641b0f\" data-element_type=\"container\" data-settings=\"{&quot;background_background&quot;:&quot;classic&quot;}\">\n\t\t\t\t\t<div class=\"e-con-inner\">\n\t\t<div data-particle_enable=\"false\" data-particle-mobile-disabled=\"false\" class=\"elementor-element elementor-element-67022e56 e-con-full e-flex e-con e-child\" data-id=\"67022e56\" data-element_type=\"container\">\n\t\t<div data-particle_enable=\"false\" data-particle-mobile-disabled=\"false\" class=\"elementor-element elementor-element-6a79f21c e-flex e-con-boxed e-con e-child\" data-id=\"6a79f21c\" data-element_type=\"container\">\n\t\t\t\t\t<div class=\"e-con-inner\">\n\t\t\t\t<div class=\"elementor-element elementor-element-10817015 de_scroll_animation_no elementor-widget elementor-widget-text-editor\" data-id=\"10817015\" data-element_type=\"widget\" data-widget_type=\"text-editor.default\">\n\t\t\t\t<div class=\"elementor-widget-container\">\n\t\t\t\t\t\t\t<p>These terms and conditions outline the rules and regulations for the use of Shopiwebs.com.<br \/>By accessing this website we assume that you accept these terms and conditions in full. Do not continue to use kitpapa.com if you do not accept all of the terms and conditions stated on this page.<\/p><p>The following terminology applies to these Terms and Conditions, Privacy Statement and Disclaimer and all Agreements: \u201cClient\u201d, \u201cYou\u201d and \u201cYour\u201d refers to you, the person accessing this website and accepting the terms and conditions of the Company. \u201cThe Company\u201d, \u201cOurselves\u201d, \u201cWe\u201d, \u201cUs\u201d and \u201cOur\u201d, refer to our Company. \u201cParty\u201d, \u201cParties\u201d or \u201cUs\u201d, refers to both the Client and ourselves, or either the Client or ourselves. All terms refer to the offer, acceptance and consideration of payment necessary to undertake the process of our assistance to the Client in the most appropriate manner, whether by formal meetings of a fixed duration, or otherwise other means, for the express purpose of meeting the needs of the Client in relation to the provision of the services\/products set out by the Company, in accordance with the applicable laws of Mauritius. Any use of the above terminology or other words in the singular, plural, capitalization and\/or he\/she or they, are taken interchangeably and therefore as referring to the same thing.<\/p><p><strong>Cookies<\/strong><br \/>We use cookies. By using Shopiwebs.com, you consent to the use of cookies in accordance with the Shopiwebs Privacy Policy.<br \/>Most modern interactive websites use cookies to enable user details to be retrieved for each visit. Cookies are used in certain areas of our site to enable the functionality of that area and to facilitate the visitor experience. Some of our affiliate\/advertising partners may also use cookies.<\/p><p><strong>Reservation of rights<\/strong><br \/>We reserve the right at any time and in our sole discretion to request that you remove all links or a particular link to our Website. You agree to immediately remove all links to our website upon request. We also reserve the right to change these terms and conditions and our linking policy at any time. By continuing to link to our Website, you agree to be bound by and abide by these linking terms and conditions.<\/p>\t\t\t\t\t\t<\/div>\n\t\t\t\t<\/div>\n\t\t\t\t\t<\/div>\n\t\t\t\t<\/div>\n\t\t\t\t<\/div>\n\t\t\t\t\t<\/div>\n\t\t\t\t<\/div>\n\t\t\t\t<\/div>\n\t\t<div data-particle_enable=\"false\" data-particle-mobile-disabled=\"false\" class=\"elementor-element elementor-element-17fa268f e-flex e-con-boxed e-con e-parent\" data-id=\"17fa268f\" data-element_type=\"container\">\n\t\t\t\t\t<div class=\"e-con-inner\">\n\t\t<div data-particle_enable=\"false\" data-particle-mobile-disabled=\"false\" class=\"elementor-element elementor-element-29104b66 e-flex e-con-boxed e-con e-child\" data-id=\"29104b66\" data-element_type=\"container\">\n\t\t\t\t\t<div class=\"e-con-inner\">\n\t\t\t\t<div class=\"elementor-element elementor-element-28f2c124 de_scroll_animation_no elementor-widget elementor-widget-eael-creative-button\" data-id=\"28f2c124\" data-element_type=\"widget\" data-widget_type=\"eael-creative-button.default\">\n\t\t\t\t<div class=\"elementor-widget-container\">\n\t\t\t        <div class=\"eael-creative-button-wrapper\">\n\n            <a class=\"eael-creative-button eael-creative-button--default\" href=\"https:\/\/shopiwebs.com\/contact\/\" data-text=\"Go!\">\n\n\t    \n                <div class=\"creative-button-inner\">\n\n                                            <span class=\"eael-creative-button-icon-left\"><i aria-hidden=\"true\" class=\"icon icon-contact\"><\/i><\/span>                    \n                    <span class=\"cretive-button-text\">CONTACT US<\/span>\n\n                                    <\/div>\n\t                        <\/a>\n        <\/div>\n\t\t<\/div>\n\t\t\t\t<\/div>\n\t\t\t\t\t<\/div>\n\t\t\t\t<\/div>\n\t\t\t\t\t<\/div>\n\t\t\t\t<\/div>\n\t\t\t\t<\/div>","protected":false},"excerpt":{"rendered":"<p>Termes et conditions Ces termes et conditions d\u00e9finissent les r\u00e8gles et les r\u00e8glements pour l&#8217;utilisation de Shopiwebs.com.En acc\u00e9dant \u00e0 ce site web, nous pr\u00e9sumons que vous acceptez ces termes et conditions dans leur int\u00e9gralit\u00e9. Ne continuez pas \u00e0 utiliser kitpapa.com si vous n&#8217;acceptez pas tous les termes et conditions \u00e9nonc\u00e9s sur cette page. La terminologie [&hellip;]<\/p>","protected":false},"author":1,"featured_media":0,"parent":0,"menu_order":0,"comment_status":"closed","ping_status":"closed","template":"elementor_header_footer","meta":{"_eb_attr":"","om_disable_all_campaigns":false,"footnotes":""},"class_list":["post-8483","page","type-page","status-publish","hentry"],"blocksy_meta":[],"yoast_head":"<!-- This site is optimized with the Yoast SEO Premium plugin v23.9 (Yoast SEO v23.9) - https:\/\/yoast.com\/wordpress\/plugins\/seo\/ -->\n<title>Terms and conditions - Shopiwebs<\/title>\n<meta name=\"robots\" content=\"index, follow, max-snippet:-1, max-image-preview:large, max-video-preview:-1\" \/>\n<link rel=\"canonical\" href=\"https:\/\/shopiwebs.com\/en\/terms-and-conditions\/\" \/>\n<meta property=\"og:locale\" content=\"en_US\" \/>\n<meta property=\"og:type\" content=\"article\" \/>\n<meta property=\"og:title\" content=\"Terms and conditions\" \/>\n<meta property=\"og:description\" content=\"Termes et conditions Ces termes et conditions d\u00e9finissent les r\u00e8gles et les r\u00e8glements pour l&#8217;utilisation de Shopiwebs.com.En acc\u00e9dant \u00e0 ce site web, nous pr\u00e9sumons que vous acceptez ces termes et conditions dans leur int\u00e9gralit\u00e9. Ne continuez pas \u00e0 utiliser kitpapa.com si vous n&#8217;acceptez pas tous les termes et conditions \u00e9nonc\u00e9s sur cette page. La terminologie [&hellip;]\" \/>\n<meta property=\"og:url\" content=\"https:\/\/shopiwebs.com\/en\/terms-and-conditions\/\" \/>\n<meta property=\"og:site_name\" content=\"Shopiwebs\" \/>\n<meta property=\"article:publisher\" content=\"https:\/\/www.facebook.com\/shopiwebs\" \/>\n<meta property=\"article:modified_time\" content=\"2024-11-04T03:08:42+00:00\" \/>\n<meta property=\"og:image\" content=\"https:\/\/shopiwebs.com\/wp-content\/uploads\/2023\/12\/slider_shape001-Jim-Fahad-Digital-1.png\" \/>\n\t<meta property=\"og:image:width\" content=\"19\" \/>\n\t<meta property=\"og:image:height\" content=\"19\" \/>\n\t<meta property=\"og:image:type\" content=\"image\/png\" \/>\n<meta name=\"twitter:card\" content=\"summary_large_image\" \/>\n<meta name=\"twitter:label1\" content=\"Est. reading time\" \/>\n\t<meta name=\"twitter:data1\" content=\"2 minutes\" \/>\n<script type=\"application\/ld+json\" class=\"yoast-schema-graph\">{\"@context\":\"https:\/\/schema.org\",\"@graph\":[{\"@type\":\"WebPage\",\"@id\":\"https:\/\/shopiwebs.com\/terms-and-conditions\/\",\"url\":\"https:\/\/shopiwebs.com\/terms-and-conditions\/\",\"name\":\"Terms and conditions - Shopiwebs\",\"isPartOf\":{\"@id\":\"https:\/\/shopiwebs.com\/en\/#website\"},\"primaryImageOfPage\":{\"@id\":\"https:\/\/shopiwebs.com\/terms-and-conditions\/#primaryimage\"},\"image\":{\"@id\":\"https:\/\/shopiwebs.com\/terms-and-conditions\/#primaryimage\"},\"thumbnailUrl\":\"https:\/\/shopiwebs.com\/wp-content\/uploads\/2023\/12\/slider_shape001-Jim-Fahad-Digital-1.png\",\"datePublished\":\"2024-11-04T03:02:45+00:00\",\"dateModified\":\"2024-11-04T03:08:42+00:00\",\"breadcrumb\":{\"@id\":\"https:\/\/shopiwebs.com\/terms-and-conditions\/#breadcrumb\"},\"inLanguage\":\"en-CA\",\"potentialAction\":[{\"@type\":\"ReadAction\",\"target\":[\"https:\/\/shopiwebs.com\/terms-and-conditions\/\"]}]},{\"@type\":\"ImageObject\",\"inLanguage\":\"en-CA\",\"@id\":\"https:\/\/shopiwebs.com\/terms-and-conditions\/#primaryimage\",\"url\":\"https:\/\/shopiwebs.com\/wp-content\/uploads\/2023\/12\/slider_shape001-Jim-Fahad-Digital-1.png\",\"contentUrl\":\"https:\/\/shopiwebs.com\/wp-content\/uploads\/2023\/12\/slider_shape001-Jim-Fahad-Digital-1.png\"},{\"@type\":\"BreadcrumbList\",\"@id\":\"https:\/\/shopiwebs.com\/terms-and-conditions\/#breadcrumb\",\"itemListElement\":[{\"@type\":\"ListItem\",\"position\":1,\"name\":\"Home\",\"item\":\"https:\/\/shopiwebs.com\/\"},{\"@type\":\"ListItem\",\"position\":2,\"name\":\"Terms and conditions\"}]},{\"@type\":\"WebSite\",\"@id\":\"https:\/\/shopiwebs.com\/en\/#website\",\"url\":\"https:\/\/shopiwebs.com\/en\/\",\"name\":\"Shopiwebs\",\"description\":\"\",\"publisher\":{\"@id\":\"https:\/\/shopiwebs.com\/en\/#organization\"},\"potentialAction\":[{\"@type\":\"SearchAction\",\"target\":{\"@type\":\"EntryPoint\",\"urlTemplate\":\"https:\/\/shopiwebs.com\/en\/?s={search_term_string}\"},\"query-input\":{\"@type\":\"PropertyValueSpecification\",\"valueRequired\":true,\"valueName\":\"search_term_string\"}}],\"inLanguage\":\"en-CA\"},{\"@type\":\"Organization\",\"@id\":\"https:\/\/shopiwebs.com\/en\/#organization\",\"name\":\"Shopiwebs\",\"url\":\"https:\/\/shopiwebs.com\/en\/\",\"logo\":{\"@type\":\"ImageObject\",\"inLanguage\":\"en-CA\",\"@id\":\"https:\/\/shopiwebs.com\/en\/#\/schema\/logo\/image\/\",\"url\":\"https:\/\/shopiwebs.com\/wp-content\/uploads\/2023\/12\/logo_transparent.png\",\"contentUrl\":\"https:\/\/shopiwebs.com\/wp-content\/uploads\/2023\/12\/logo_transparent.png\",\"width\":1200,\"height\":1200,\"caption\":\"Shopiwebs\"},\"image\":{\"@id\":\"https:\/\/shopiwebs.com\/en\/#\/schema\/logo\/image\/\"},\"sameAs\":[\"https:\/\/www.facebook.com\/shopiwebs\",\"https:\/\/www.instagram.com\/shopiwebs\/\"]}]}<\/script>\n<!-- \/ Yoast SEO Premium plugin. -->","yoast_head_json":{"title":"Terms and conditions - Shopiwebs","robots":{"index":"index","follow":"follow","max-snippet":"max-snippet:-1","max-image-preview":"max-image-preview:large","max-video-preview":"max-video-preview:-1"},"canonical":"https:\/\/shopiwebs.com\/en\/terms-and-conditions\/","og_locale":"en_US","og_type":"article","og_title":"Terms and conditions","og_description":"Termes et conditions Ces termes et conditions d\u00e9finissent les r\u00e8gles et les r\u00e8glements pour l&#8217;utilisation de Shopiwebs.com.En acc\u00e9dant \u00e0 ce site web, nous pr\u00e9sumons que vous acceptez ces termes et conditions dans leur int\u00e9gralit\u00e9. Ne continuez pas \u00e0 utiliser kitpapa.com si vous n&#8217;acceptez pas tous les termes et conditions \u00e9nonc\u00e9s sur cette page. La terminologie [&hellip;]","og_url":"https:\/\/shopiwebs.com\/en\/terms-and-conditions\/","og_site_name":"Shopiwebs","article_publisher":"https:\/\/www.facebook.com\/shopiwebs","article_modified_time":"2024-11-04T03:08:42+00:00","og_image":[{"width":19,"height":19,"url":"https:\/\/shopiwebs.com\/wp-content\/uploads\/2023\/12\/slider_shape001-Jim-Fahad-Digital-1.png","type":"image\/png"}],"twitter_card":"summary_large_image","twitter_misc":{"Est. reading time":"2 minutes"},"schema":{"@context":"https:\/\/schema.org","@graph":[{"@type":"WebPage","@id":"https:\/\/shopiwebs.com\/terms-and-conditions\/","url":"https:\/\/shopiwebs.com\/terms-and-conditions\/","name":"Terms and conditions - Shopiwebs","isPartOf":{"@id":"https:\/\/shopiwebs.com\/en\/#website"},"primaryImageOfPage":{"@id":"https:\/\/shopiwebs.com\/terms-and-conditions\/#primaryimage"},"image":{"@id":"https:\/\/shopiwebs.com\/terms-and-conditions\/#primaryimage"},"thumbnailUrl":"https:\/\/shopiwebs.com\/wp-content\/uploads\/2023\/12\/slider_shape001-Jim-Fahad-Digital-1.png","datePublished":"2024-11-04T03:02:45+00:00","dateModified":"2024-11-04T03:08:42+00:00","breadcrumb":{"@id":"https:\/\/shopiwebs.com\/terms-and-conditions\/#breadcrumb"},"inLanguage":"en-CA","potentialAction":[{"@type":"ReadAction","target":["https:\/\/shopiwebs.com\/terms-and-conditions\/"]}]},{"@type":"ImageObject","inLanguage":"en-CA","@id":"https:\/\/shopiwebs.com\/terms-and-conditions\/#primaryimage","url":"https:\/\/shopiwebs.com\/wp-content\/uploads\/2023\/12\/slider_shape001-Jim-Fahad-Digital-1.png","contentUrl":"https:\/\/shopiwebs.com\/wp-content\/uploads\/2023\/12\/slider_shape001-Jim-Fahad-Digital-1.png"},{"@type":"BreadcrumbList","@id":"https:\/\/shopiwebs.com\/terms-and-conditions\/#breadcrumb","itemListElement":[{"@type":"ListItem","position":1,"name":"Home","item":"https:\/\/shopiwebs.com\/"},{"@type":"ListItem","position":2,"name":"Terms and conditions"}]},{"@type":"WebSite","@id":"https:\/\/shopiwebs.com\/en\/#website","url":"https:\/\/shopiwebs.com\/en\/","name":"Shopiwebs","description":"","publisher":{"@id":"https:\/\/shopiwebs.com\/en\/#organization"},"potentialAction":[{"@type":"SearchAction","target":{"@type":"EntryPoint","urlTemplate":"https:\/\/shopiwebs.com\/en\/?s={search_term_string}"},"query-input":{"@type":"PropertyValueSpecification","valueRequired":true,"valueName":"search_term_string"}}],"inLanguage":"en-CA"},{"@type":"Organization","@id":"https:\/\/shopiwebs.com\/en\/#organization","name":"Shopiwebs","url":"https:\/\/shopiwebs.com\/en\/","logo":{"@type":"ImageObject","inLanguage":"en-CA","@id":"https:\/\/shopiwebs.com\/en\/#\/schema\/logo\/image\/","url":"https:\/\/shopiwebs.com\/wp-content\/uploads\/2023\/12\/logo_transparent.png","contentUrl":"https:\/\/shopiwebs.com\/wp-content\/uploads\/2023\/12\/logo_transparent.png","width":1200,"height":1200,"caption":"Shopiwebs"},"image":{"@id":"https:\/\/shopiwebs.com\/en\/#\/schema\/logo\/image\/"},"sameAs":["https:\/\/www.facebook.com\/shopiwebs","https:\/\/www.instagram.com\/shopiwebs\/"]}]}},"_links":{"self":[{"href":"https:\/\/shopiwebs.com\/en\/wp-json\/wp\/v2\/pages\/8483","targetHints":{"allow":["GET"]}}],"collection":[{"href":"https:\/\/shopiwebs.com\/en\/wp-json\/wp\/v2\/pages"}],"about":[{"href":"https:\/\/shopiwebs.com\/en\/wp-json\/wp\/v2\/types\/page"}],"author":[{"embeddable":true,"href":"https:\/\/shopiwebs.com\/en\/wp-json\/wp\/v2\/users\/1"}],"replies":[{"embeddable":true,"href":"https:\/\/shopiwebs.com\/en\/wp-json\/wp\/v2\/comments?post=8483"}],"version-history":[{"count":3,"href":"https:\/\/shopiwebs.com\/en\/wp-json\/wp\/v2\/pages\/8483\/revisions"}],"predecessor-version":[{"id":8486,"href":"https:\/\/shopiwebs.com\/en\/wp-json\/wp\/v2\/pages\/8483\/revisions\/8486"}],"wp:attachment":[{"href":"https:\/\/shopiwebs.com\/en\/wp-json\/wp\/v2\/media?parent=8483"}],"curies":[{"name":"wp","href":"https:\/\/api.w.org\/{rel}","templated":true}]}}