{"id":7686,"date":"2024-10-16T21:58:22","date_gmt":"2024-10-17T01:58:22","guid":{"rendered":"https:\/\/shopiwebs-staging.com\/?page_id=7686"},"modified":"2024-11-03T15:36:11","modified_gmt":"2024-11-03T20:36:11","slug":"disclaimer","status":"publish","type":"page","link":"https:\/\/shopiwebs.com\/en\/disclaimer\/","title":{"rendered":"Disclaimer"},"content":{"rendered":"<div data-elementor-type=\"wp-page\" data-elementor-id=\"7686\" class=\"elementor elementor-7686\" data-elementor-post-type=\"page\">\n\t\t\t\t<div data-particle_enable=\"false\" data-particle-mobile-disabled=\"false\" class=\"elementor-element elementor-element-f4185c8 e-flex e-con-boxed e-con e-parent\" data-id=\"f4185c8\" data-element_type=\"container\">\n\t\t\t\t\t<div class=\"e-con-inner\">\n\t\t\t\t\t<\/div>\n\t\t\t\t<\/div>\n\t\t<div data-particle_enable=\"false\" data-particle-mobile-disabled=\"false\" class=\"elementor-element elementor-element-5561c48a e-flex e-con-boxed e-con e-parent\" data-id=\"5561c48a\" data-element_type=\"container\">\n\t\t\t\t\t<div class=\"e-con-inner\">\n\t\t<div data-particle_enable=\"false\" data-particle-mobile-disabled=\"false\" class=\"elementor-element elementor-element-3001b632 e-flex e-con-boxed e-con e-child\" data-id=\"3001b632\" data-element_type=\"container\">\n\t\t\t\t\t<div class=\"e-con-inner\">\n\t\t<div data-particle_enable=\"false\" data-particle-mobile-disabled=\"false\" class=\"elementor-element elementor-element-5fc32ab8 e-flex e-con-boxed e-con e-child\" data-id=\"5fc32ab8\" data-element_type=\"container\">\n\t\t\t\t\t<div class=\"e-con-inner\">\n\t\t\t\t<div class=\"elementor-element elementor-element-bf4be08 elementor-absolute rotateme de_scroll_animation_no elementor-widget elementor-widget-image\" data-id=\"bf4be08\" data-element_type=\"widget\" data-settings=\"{&quot;_position&quot;:&quot;absolute&quot;}\" data-widget_type=\"image.default\">\n\t\t\t\t<div class=\"elementor-widget-container\">\n\t\t\t\t\t\t\t\t\t\t\t\t\t<img decoding=\"async\" width=\"19\" height=\"19\" src=\"https:\/\/shopiwebs.com\/wp-content\/uploads\/2023\/12\/slider_shape001-Jim-Fahad-Digital-1.png\" class=\"attachment-large size-large wp-image-8\" alt=\"\" \/>\t\t\t\t\t\t\t\t\t\t\t\t\t<\/div>\n\t\t\t\t<\/div>\n\t\t\t\t<div class=\"elementor-element elementor-element-588ac131 elementor-absolute animationFramesOne de_scroll_animation_no elementor-widget elementor-widget-image\" data-id=\"588ac131\" data-element_type=\"widget\" data-settings=\"{&quot;_position&quot;:&quot;absolute&quot;}\" data-widget_type=\"image.default\">\n\t\t\t\t<div class=\"elementor-widget-container\">\n\t\t\t\t\t\t\t\t\t\t\t\t\t<img decoding=\"async\" width=\"23\" height=\"23\" src=\"https:\/\/shopiwebs.com\/wp-content\/uploads\/2023\/12\/slider_shape003-Jim-Fahad-Digital-1.png\" class=\"attachment-large size-large wp-image-21\" alt=\"\" \/>\t\t\t\t\t\t\t\t\t\t\t\t\t<\/div>\n\t\t\t\t<\/div>\n\t\t\t\t<div class=\"elementor-element elementor-element-7173a3d3 elementor-absolute contactSwimmer de_scroll_animation_no elementor-widget elementor-widget-image\" data-id=\"7173a3d3\" data-element_type=\"widget\" data-settings=\"{&quot;_position&quot;:&quot;absolute&quot;}\" data-widget_type=\"image.default\">\n\t\t\t\t<div class=\"elementor-widget-container\">\n\t\t\t\t\t\t\t\t\t\t\t\t\t<img decoding=\"async\" width=\"30\" height=\"30\" src=\"https:\/\/shopiwebs.com\/wp-content\/uploads\/2023\/12\/slider_shape004-Jim-Fahad-Digital-1.png\" class=\"attachment-large size-large wp-image-22\" alt=\"\" \/>\t\t\t\t\t\t\t\t\t\t\t\t\t<\/div>\n\t\t\t\t<\/div>\n\t\t\t\t\t<\/div>\n\t\t\t\t<\/div>\n\t\t\t\t\t<\/div>\n\t\t\t\t<\/div>\n\t\t\t\t\t<\/div>\n\t\t\t\t<\/div>\n\t\t<div data-particle_enable=\"false\" data-particle-mobile-disabled=\"false\" class=\"elementor-element elementor-element-601069fc e-con-full e-flex e-con e-parent\" data-id=\"601069fc\" data-element_type=\"container\">\n\t\t<div data-particle_enable=\"false\" data-particle-mobile-disabled=\"false\" class=\"elementor-element elementor-element-54528325 e-con-full e-flex e-con e-child\" data-id=\"54528325\" data-element_type=\"container\">\n\t\t<div data-particle_enable=\"false\" data-particle-mobile-disabled=\"false\" class=\"elementor-element elementor-element-3feb7657 e-flex e-con-boxed e-con e-child\" data-id=\"3feb7657\" data-element_type=\"container\" data-settings=\"{&quot;background_background&quot;:&quot;classic&quot;}\">\n\t\t\t\t\t<div class=\"e-con-inner\">\n\t\t\t\t<div class=\"elementor-element elementor-element-3ad6eb0e de_scroll_animation_no elementor-widget elementor-widget-heading\" data-id=\"3ad6eb0e\" data-element_type=\"widget\" data-widget_type=\"heading.default\">\n\t\t\t\t<div class=\"elementor-widget-container\">\n\t\t\t<h5 class=\"elementor-heading-title elementor-size-default\">Disclaimer\n\n<\/h5>\t\t<\/div>\n\t\t\t\t<\/div>\n\t\t\t\t\t<\/div>\n\t\t\t\t<\/div>\n\t\t\t\t<\/div>\n\t\t\t\t<\/div>\n\t\t<div data-particle_enable=\"false\" data-particle-mobile-disabled=\"false\" class=\"elementor-element elementor-element-313b7c8 e-con-full e-flex e-con e-parent\" data-id=\"313b7c8\" data-element_type=\"container\">\n\t\t<div data-particle_enable=\"false\" data-particle-mobile-disabled=\"false\" class=\"elementor-element elementor-element-14641b0f e-flex e-con-boxed e-con e-child\" data-id=\"14641b0f\" data-element_type=\"container\" data-settings=\"{&quot;background_background&quot;:&quot;classic&quot;}\">\n\t\t\t\t\t<div class=\"e-con-inner\">\n\t\t<div data-particle_enable=\"false\" data-particle-mobile-disabled=\"false\" class=\"elementor-element elementor-element-67022e56 e-con-full e-flex e-con e-child\" data-id=\"67022e56\" data-element_type=\"container\">\n\t\t<div data-particle_enable=\"false\" data-particle-mobile-disabled=\"false\" class=\"elementor-element elementor-element-6a79f21c e-flex e-con-boxed e-con e-child\" data-id=\"6a79f21c\" data-element_type=\"container\">\n\t\t\t\t\t<div class=\"e-con-inner\">\n\t\t\t\t<div class=\"elementor-element elementor-element-10817015 de_scroll_animation_no elementor-widget elementor-widget-text-editor\" data-id=\"10817015\" data-element_type=\"widget\" data-widget_type=\"text-editor.default\">\n\t\t\t\t<div class=\"elementor-widget-container\">\n\t\t\t\t\t\t\t<p><span style=\"color: #ffffff;\">The content of this website, including information, services, and resources, is provided for informational purposes only. Shopiwebs strives to maintain accurate and up-to-date information, but we cannot guarantee that all content is error-free, complete or current.<\/span><\/p><h2><span style=\"color: #ffffff;\">1. Accuracy of Information<\/span><\/h2><p><span style=\"color: #ffffff;\">Shopiwebs does not guarantee the accuracy, reliability or completeness of the information provided on this website. Use of the information and services offered is at your own risk. We assume no responsibility for any errors or omissions that may occur.<\/span><\/p><h3><span style=\"color: #ffffff;\">2. Limitation of Liability<\/span><\/h3><p><span style=\"color: #ffffff;\">In no event shall Shopiwebs, its officers, employees or partners be held liable for any direct, indirect, incidental, or consequential damages resulting from the use or inability to use this website, including, but not limited to limit any loss of profits, opportunities or data, even if we have been advised of the possibility of such damages.<\/span><\/p><h3><span style=\"color: #ffffff;\">3. Links to Third Party Sites<\/span><\/h3><p><span style=\"color: #ffffff;\">This website may contain links to third party websites. Shopiwebs has no control over these sites and assumes no responsibility for their content, accuracy or availability. The inclusion of these links does not imply that Shopiwebs endorses the information or services provided on these sites.<\/span><\/p><h3><span style=\"color: #ffffff;\">4. Use of the Services<\/span><\/h3><p><span style=\"color: #ffffff;\">The digital services offered by Shopiwebs are provided \u201cas is\u201d and \u201cas available\u201d, without warranty express or implied, including, but not limited to, warranties of merchantability, fitness for a particular purpose, or of non-violation of third party rights.<\/span><\/p>\t\t\t\t\t\t<\/div>\n\t\t\t\t<\/div>\n\t\t\t\t\t<\/div>\n\t\t\t\t<\/div>\n\t\t\t\t<\/div>\n\t\t\t\t\t<\/div>\n\t\t\t\t<\/div>\n\t\t\t\t<\/div>\n\t\t<div data-particle_enable=\"false\" data-particle-mobile-disabled=\"false\" class=\"elementor-element elementor-element-17fa268f e-flex e-con-boxed e-con e-parent\" data-id=\"17fa268f\" data-element_type=\"container\">\n\t\t\t\t\t<div class=\"e-con-inner\">\n\t\t<div data-particle_enable=\"false\" data-particle-mobile-disabled=\"false\" class=\"elementor-element elementor-element-29104b66 e-flex e-con-boxed e-con e-child\" data-id=\"29104b66\" data-element_type=\"container\">\n\t\t\t\t\t<div class=\"e-con-inner\">\n\t\t\t\t<div class=\"elementor-element elementor-element-28f2c124 de_scroll_animation_no elementor-widget elementor-widget-eael-creative-button\" data-id=\"28f2c124\" data-element_type=\"widget\" data-widget_type=\"eael-creative-button.default\">\n\t\t\t\t<div class=\"elementor-widget-container\">\n\t\t\t        <div class=\"eael-creative-button-wrapper\">\n\n            <a class=\"eael-creative-button eael-creative-button--default\" href=\"https:\/\/shopiwebs.com\/contact\/\" data-text=\"Go!\">\n\n\t    \n                <div class=\"creative-button-inner\">\n\n                                            <span class=\"eael-creative-button-icon-left\"><i aria-hidden=\"true\" class=\"icon icon-contact\"><\/i><\/span>                    \n                    <span class=\"cretive-button-text\">CONTACT US<\/span>\n\n                                    <\/div>\n\t                        <\/a>\n        <\/div>\n\t\t<\/div>\n\t\t\t\t<\/div>\n\t\t\t\t\t<\/div>\n\t\t\t\t<\/div>\n\t\t\t\t\t<\/div>\n\t\t\t\t<\/div>\n\t\t\t\t<\/div>","protected":false},"excerpt":{"rendered":"<p>Clause de Non-Responsabilit\u00e9 Le contenu de ce site web, y compris les informations, services, et ressources, est fourni \u00e0 titre informatif seulement. Shopiwebs s&#8217;efforce de maintenir des informations exactes et \u00e0 jour, mais nous ne pouvons garantir que tout le contenu est exempt d&#8217;erreurs, complet ou actuel. 1. Exactitude des Informations Shopiwebs ne garantit pas [&hellip;]<\/p>","protected":false},"author":1,"featured_media":0,"parent":0,"menu_order":0,"comment_status":"closed","ping_status":"closed","template":"elementor_header_footer","meta":{"_eb_attr":"","om_disable_all_campaigns":false,"footnotes":""},"class_list":["post-7686","page","type-page","status-publish","hentry"],"blocksy_meta":[],"yoast_head":"<!-- This site is optimized with the Yoast SEO Premium plugin v23.9 (Yoast SEO v23.9) - https:\/\/yoast.com\/wordpress\/plugins\/seo\/ -->\n<title>Disclaimer - Shopiwebs<\/title>\n<meta name=\"robots\" content=\"index, follow, max-snippet:-1, max-image-preview:large, max-video-preview:-1\" \/>\n<link rel=\"canonical\" href=\"https:\/\/shopiwebs.com\/en\/disclaimer\/\" \/>\n<meta property=\"og:locale\" content=\"en_US\" \/>\n<meta property=\"og:type\" content=\"article\" \/>\n<meta property=\"og:title\" content=\"Disclaimer\" \/>\n<meta property=\"og:description\" content=\"Clause de Non-Responsabilit\u00e9 Le contenu de ce site web, y compris les informations, services, et ressources, est fourni \u00e0 titre informatif seulement. Shopiwebs s&#8217;efforce de maintenir des informations exactes et \u00e0 jour, mais nous ne pouvons garantir que tout le contenu est exempt d&#8217;erreurs, complet ou actuel. 1. Exactitude des Informations Shopiwebs ne garantit pas [&hellip;]\" \/>\n<meta property=\"og:url\" content=\"https:\/\/shopiwebs.com\/en\/disclaimer\/\" \/>\n<meta property=\"og:site_name\" content=\"Shopiwebs\" \/>\n<meta property=\"article:publisher\" content=\"https:\/\/www.facebook.com\/shopiwebs\" \/>\n<meta property=\"article:modified_time\" content=\"2024-11-03T20:36:11+00:00\" \/>\n<meta property=\"og:image\" content=\"https:\/\/shopiwebs.com\/wp-content\/uploads\/2023\/12\/slider_shape001-Jim-Fahad-Digital-1.png\" \/>\n\t<meta property=\"og:image:width\" content=\"19\" \/>\n\t<meta property=\"og:image:height\" content=\"19\" \/>\n\t<meta property=\"og:image:type\" content=\"image\/png\" \/>\n<meta name=\"twitter:card\" content=\"summary_large_image\" \/>\n<meta name=\"twitter:label1\" content=\"Est. reading time\" \/>\n\t<meta name=\"twitter:data1\" content=\"1 minute\" \/>\n<script type=\"application\/ld+json\" class=\"yoast-schema-graph\">{\"@context\":\"https:\/\/schema.org\",\"@graph\":[{\"@type\":\"WebPage\",\"@id\":\"https:\/\/shopiwebs.com\/disclaimer\/\",\"url\":\"https:\/\/shopiwebs.com\/disclaimer\/\",\"name\":\"Disclaimer - Shopiwebs\",\"isPartOf\":{\"@id\":\"https:\/\/shopiwebs.com\/en\/#website\"},\"primaryImageOfPage\":{\"@id\":\"https:\/\/shopiwebs.com\/disclaimer\/#primaryimage\"},\"image\":{\"@id\":\"https:\/\/shopiwebs.com\/disclaimer\/#primaryimage\"},\"thumbnailUrl\":\"https:\/\/shopiwebs.com\/wp-content\/uploads\/2023\/12\/slider_shape001-Jim-Fahad-Digital-1.png\",\"datePublished\":\"2024-10-17T01:58:22+00:00\",\"dateModified\":\"2024-11-03T20:36:11+00:00\",\"breadcrumb\":{\"@id\":\"https:\/\/shopiwebs.com\/disclaimer\/#breadcrumb\"},\"inLanguage\":\"en-CA\",\"potentialAction\":[{\"@type\":\"ReadAction\",\"target\":[\"https:\/\/shopiwebs.com\/disclaimer\/\"]}]},{\"@type\":\"ImageObject\",\"inLanguage\":\"en-CA\",\"@id\":\"https:\/\/shopiwebs.com\/disclaimer\/#primaryimage\",\"url\":\"https:\/\/shopiwebs.com\/wp-content\/uploads\/2023\/12\/slider_shape001-Jim-Fahad-Digital-1.png\",\"contentUrl\":\"https:\/\/shopiwebs.com\/wp-content\/uploads\/2023\/12\/slider_shape001-Jim-Fahad-Digital-1.png\"},{\"@type\":\"BreadcrumbList\",\"@id\":\"https:\/\/shopiwebs.com\/disclaimer\/#breadcrumb\",\"itemListElement\":[{\"@type\":\"ListItem\",\"position\":1,\"name\":\"Home\",\"item\":\"https:\/\/shopiwebs.com\/\"},{\"@type\":\"ListItem\",\"position\":2,\"name\":\"Disclaimer\"}]},{\"@type\":\"WebSite\",\"@id\":\"https:\/\/shopiwebs.com\/en\/#website\",\"url\":\"https:\/\/shopiwebs.com\/en\/\",\"name\":\"Shopiwebs\",\"description\":\"\",\"publisher\":{\"@id\":\"https:\/\/shopiwebs.com\/en\/#organization\"},\"potentialAction\":[{\"@type\":\"SearchAction\",\"target\":{\"@type\":\"EntryPoint\",\"urlTemplate\":\"https:\/\/shopiwebs.com\/en\/?s={search_term_string}\"},\"query-input\":{\"@type\":\"PropertyValueSpecification\",\"valueRequired\":true,\"valueName\":\"search_term_string\"}}],\"inLanguage\":\"en-CA\"},{\"@type\":\"Organization\",\"@id\":\"https:\/\/shopiwebs.com\/en\/#organization\",\"name\":\"Shopiwebs\",\"url\":\"https:\/\/shopiwebs.com\/en\/\",\"logo\":{\"@type\":\"ImageObject\",\"inLanguage\":\"en-CA\",\"@id\":\"https:\/\/shopiwebs.com\/en\/#\/schema\/logo\/image\/\",\"url\":\"https:\/\/shopiwebs.com\/wp-content\/uploads\/2023\/12\/logo_transparent.png\",\"contentUrl\":\"https:\/\/shopiwebs.com\/wp-content\/uploads\/2023\/12\/logo_transparent.png\",\"width\":1200,\"height\":1200,\"caption\":\"Shopiwebs\"},\"image\":{\"@id\":\"https:\/\/shopiwebs.com\/en\/#\/schema\/logo\/image\/\"},\"sameAs\":[\"https:\/\/www.facebook.com\/shopiwebs\",\"https:\/\/www.instagram.com\/shopiwebs\/\"]}]}<\/script>\n<!-- \/ Yoast SEO Premium plugin. -->","yoast_head_json":{"title":"Disclaimer - Shopiwebs","robots":{"index":"index","follow":"follow","max-snippet":"max-snippet:-1","max-image-preview":"max-image-preview:large","max-video-preview":"max-video-preview:-1"},"canonical":"https:\/\/shopiwebs.com\/en\/disclaimer\/","og_locale":"en_US","og_type":"article","og_title":"Disclaimer","og_description":"Clause de Non-Responsabilit\u00e9 Le contenu de ce site web, y compris les informations, services, et ressources, est fourni \u00e0 titre informatif seulement. Shopiwebs s&#8217;efforce de maintenir des informations exactes et \u00e0 jour, mais nous ne pouvons garantir que tout le contenu est exempt d&#8217;erreurs, complet ou actuel. 1. Exactitude des Informations Shopiwebs ne garantit pas [&hellip;]","og_url":"https:\/\/shopiwebs.com\/en\/disclaimer\/","og_site_name":"Shopiwebs","article_publisher":"https:\/\/www.facebook.com\/shopiwebs","article_modified_time":"2024-11-03T20:36:11+00:00","og_image":[{"width":19,"height":19,"url":"https:\/\/shopiwebs.com\/wp-content\/uploads\/2023\/12\/slider_shape001-Jim-Fahad-Digital-1.png","type":"image\/png"}],"twitter_card":"summary_large_image","twitter_misc":{"Est. reading time":"1 minute"},"schema":{"@context":"https:\/\/schema.org","@graph":[{"@type":"WebPage","@id":"https:\/\/shopiwebs.com\/disclaimer\/","url":"https:\/\/shopiwebs.com\/disclaimer\/","name":"Disclaimer - Shopiwebs","isPartOf":{"@id":"https:\/\/shopiwebs.com\/en\/#website"},"primaryImageOfPage":{"@id":"https:\/\/shopiwebs.com\/disclaimer\/#primaryimage"},"image":{"@id":"https:\/\/shopiwebs.com\/disclaimer\/#primaryimage"},"thumbnailUrl":"https:\/\/shopiwebs.com\/wp-content\/uploads\/2023\/12\/slider_shape001-Jim-Fahad-Digital-1.png","datePublished":"2024-10-17T01:58:22+00:00","dateModified":"2024-11-03T20:36:11+00:00","breadcrumb":{"@id":"https:\/\/shopiwebs.com\/disclaimer\/#breadcrumb"},"inLanguage":"en-CA","potentialAction":[{"@type":"ReadAction","target":["https:\/\/shopiwebs.com\/disclaimer\/"]}]},{"@type":"ImageObject","inLanguage":"en-CA","@id":"https:\/\/shopiwebs.com\/disclaimer\/#primaryimage","url":"https:\/\/shopiwebs.com\/wp-content\/uploads\/2023\/12\/slider_shape001-Jim-Fahad-Digital-1.png","contentUrl":"https:\/\/shopiwebs.com\/wp-content\/uploads\/2023\/12\/slider_shape001-Jim-Fahad-Digital-1.png"},{"@type":"BreadcrumbList","@id":"https:\/\/shopiwebs.com\/disclaimer\/#breadcrumb","itemListElement":[{"@type":"ListItem","position":1,"name":"Home","item":"https:\/\/shopiwebs.com\/"},{"@type":"ListItem","position":2,"name":"Disclaimer"}]},{"@type":"WebSite","@id":"https:\/\/shopiwebs.com\/en\/#website","url":"https:\/\/shopiwebs.com\/en\/","name":"Shopiwebs","description":"","publisher":{"@id":"https:\/\/shopiwebs.com\/en\/#organization"},"potentialAction":[{"@type":"SearchAction","target":{"@type":"EntryPoint","urlTemplate":"https:\/\/shopiwebs.com\/en\/?s={search_term_string}"},"query-input":{"@type":"PropertyValueSpecification","valueRequired":true,"valueName":"search_term_string"}}],"inLanguage":"en-CA"},{"@type":"Organization","@id":"https:\/\/shopiwebs.com\/en\/#organization","name":"Shopiwebs","url":"https:\/\/shopiwebs.com\/en\/","logo":{"@type":"ImageObject","inLanguage":"en-CA","@id":"https:\/\/shopiwebs.com\/en\/#\/schema\/logo\/image\/","url":"https:\/\/shopiwebs.com\/wp-content\/uploads\/2023\/12\/logo_transparent.png","contentUrl":"https:\/\/shopiwebs.com\/wp-content\/uploads\/2023\/12\/logo_transparent.png","width":1200,"height":1200,"caption":"Shopiwebs"},"image":{"@id":"https:\/\/shopiwebs.com\/en\/#\/schema\/logo\/image\/"},"sameAs":["https:\/\/www.facebook.com\/shopiwebs","https:\/\/www.instagram.com\/shopiwebs\/"]}]}},"_links":{"self":[{"href":"https:\/\/shopiwebs.com\/en\/wp-json\/wp\/v2\/pages\/7686","targetHints":{"allow":["GET"]}}],"collection":[{"href":"https:\/\/shopiwebs.com\/en\/wp-json\/wp\/v2\/pages"}],"about":[{"href":"https:\/\/shopiwebs.com\/en\/wp-json\/wp\/v2\/types\/page"}],"author":[{"embeddable":true,"href":"https:\/\/shopiwebs.com\/en\/wp-json\/wp\/v2\/users\/1"}],"replies":[{"embeddable":true,"href":"https:\/\/shopiwebs.com\/en\/wp-json\/wp\/v2\/comments?post=7686"}],"version-history":[{"count":10,"href":"https:\/\/shopiwebs.com\/en\/wp-json\/wp\/v2\/pages\/7686\/revisions"}],"predecessor-version":[{"id":8436,"href":"https:\/\/shopiwebs.com\/en\/wp-json\/wp\/v2\/pages\/7686\/revisions\/8436"}],"wp:attachment":[{"href":"https:\/\/shopiwebs.com\/en\/wp-json\/wp\/v2\/media?parent=7686"}],"curies":[{"name":"wp","href":"https:\/\/api.w.org\/{rel}","templated":true}]}}